{"id":2889,"date":"2024-04-24T13:00:40","date_gmt":"2024-04-24T12:00:40","guid":{"rendered":"https:\/\/www.agrotecrally.cz\/?page_id=2889"},"modified":"2025-05-26T12:07:54","modified_gmt":"2025-05-26T11:07:54","slug":"vykazy-phm","status":"publish","type":"page","link":"https:\/\/www.agrotecrally.cz\/en\/pro-poradatele\/vykazy-phm\/","title":{"rendered":"V\u00fdkazy PHM"},"content":{"rendered":"<p>[et_pb_section fb_built=&#8220;1&#8243; _builder_version=&#8220;4.24.0&#8243; _module_preset=&#8220;default&#8220; background_color=&#8220;#008A78&#8243; min_height=&#8220;133.2px&#8220; custom_margin=&#8220;-33px||-19px|||&#8220; custom_padding=&#8220;25px||8px|||&#8220; global_colors_info=&#8220;{}&#8220;][et_pb_row column_structure=&#8220;1_5,1_5,1_5,1_5,1_5&#8243; _builder_version=&#8220;4.24.0&#8243; _module_preset=&#8220;default&#8220; custom_margin=&#8220;|192px||auto||&#8220; custom_padding=&#8220;|2px||0px||&#8220; global_colors_info=&#8220;{}&#8220;][et_pb_column type=&#8220;1_5&#8243; _builder_version=&#8220;4.24.0&#8243; _module_preset=&#8220;default&#8220; global_colors_info=&#8220;{}&#8220;][et_pb_button button_url=&#8220;@ET-DC@eyJkeW5hbWljIjp0cnVlLCJjb250ZW50IjoicG9zdF9saW5rX3VybF9wYWdlIiwic2V0dGluZ3MiOnsicG9zdF9pZCI6IjI4ODUifX0=@&#8220; button_text=&#8220;Rozpisy RZ&#8220; _builder_version=&#8220;4.24.0&#8243; _dynamic_attributes=&#8220;button_url&#8220; _module_preset=&#8220;default&#8220; background_layout=&#8220;dark&#8220; global_colors_info=&#8220;{}&#8220;][\/et_pb_button][\/et_pb_column][et_pb_column type=&#8220;1_5&#8243; _builder_version=&#8220;4.24.0&#8243; _module_preset=&#8220;default&#8220; global_colors_info=&#8220;{}&#8220;][et_pb_button button_url=&#8220;@ET-DC@eyJkeW5hbWljIjp0cnVlLCJjb250ZW50IjoicG9zdF9saW5rX3VybF9wYWdlIiwic2V0dGluZ3MiOnsicG9zdF9pZCI6IjI4ODcifX0=@&#8220; button_text=&#8220;Ubytov\u00e1n\u00ed&#8220; _builder_version=&#8220;4.24.0&#8243; _dynamic_attributes=&#8220;button_url&#8220; _module_preset=&#8220;default&#8220; background_layout=&#8220;dark&#8220; global_colors_info=&#8220;{}&#8220;][\/et_pb_button][\/et_pb_column][et_pb_column type=&#8220;1_5&#8243; _builder_version=&#8220;4.24.0&#8243; _module_preset=&#8220;default&#8220; global_colors_info=&#8220;{}&#8220;][et_pb_button button_url=&#8220;@ET-DC@eyJkeW5hbWljIjp0cnVlLCJjb250ZW50IjoicG9zdF9saW5rX3VybF9wYWdlIiwic2V0dGluZ3MiOnsicG9zdF9pZCI6IjI4ODkifX0=@&#8220; button_text=&#8220;V\u00fdkaz PHM&#8220; _builder_version=&#8220;4.24.0&#8243; _dynamic_attributes=&#8220;button_url&#8220; _module_preset=&#8220;default&#8220; background_layout=&#8220;dark&#8220; custom_margin=&#8220;||9px|||&#8220; custom_padding=&#8220;||8px|||&#8220; global_colors_info=&#8220;{}&#8220;][\/et_pb_button][\/et_pb_column][et_pb_column type=&#8220;1_5&#8243; _builder_version=&#8220;4.24.0&#8243; _module_preset=&#8220;default&#8220; global_colors_info=&#8220;{}&#8220;][et_pb_button button_url=&#8220;@ET-DC@eyJkeW5hbWljIjp0cnVlLCJjb250ZW50IjoicG9zdF9saW5rX3VybF9wYWdlIiwic2V0dGluZ3MiOnsicG9zdF9pZCI6IjI4OTEifX0=@&#8220; button_text=&#8220;Vy\u00fa\u010dtov\u00e1n\u00ed odm\u011bn&#8220; admin_label=&#8220;Tla\u010d\u00edtko&#8220; _builder_version=&#8220;4.24.0&#8243; _dynamic_attributes=&#8220;button_url&#8220; _module_preset=&#8220;default&#8220; background_layout=&#8220;dark&#8220; custom_padding=&#8220;||9px|||&#8220; global_colors_info=&#8220;{}&#8220;][\/et_pb_button][\/et_pb_column][et_pb_column type=&#8220;1_5&#8243; _builder_version=&#8220;4.24.0&#8243; _module_preset=&#8220;default&#8220; global_colors_info=&#8220;{}&#8220;][et_pb_button button_url=&#8220;@ET-DC@eyJkeW5hbWljIjp0cnVlLCJjb250ZW50IjoicG9zdF9saW5rX3VybF9wYWdlIiwic2V0dGluZ3MiOnsicG9zdF9pZCI6IjI4OTQifX0=@&#8220; button_text=&#8220;Informace pro po\u0159adatele&#8220; _builder_version=&#8220;4.24.0&#8243; _dynamic_attributes=&#8220;button_url&#8220; _module_preset=&#8220;default&#8220; background_layout=&#8220;dark&#8220; custom_padding=&#8220;|0px||||&#8220; global_colors_info=&#8220;{}&#8220;][\/et_pb_button][\/et_pb_column][\/et_pb_row][\/et_pb_section][et_pb_section fb_built=&#8220;1&#8243; _builder_version=&#8220;4.24.0&#8243; _module_preset=&#8220;default&#8220; custom_padding=&#8220;0px||0px|||&#8220; global_colors_info=&#8220;{}&#8220;][et_pb_row _builder_version=&#8220;4.24.0&#8243; _module_preset=&#8220;default&#8220; custom_padding=&#8220;||15px|||&#8220; global_colors_info=&#8220;{}&#8220;][et_pb_column type=&#8220;4_4&#8243; _builder_version=&#8220;4.24.0&#8243; _module_preset=&#8220;default&#8220; global_colors_info=&#8220;{}&#8220;][et_pb_heading title=&#8220;V\u00ddKAZY PHM&#8220; _builder_version=&#8220;4.24.0&#8243; _module_preset=&#8220;default&#8220; title_text_align=&#8220;center&#8220; title_text_color=&#8220;#008A78&#8243; global_colors_info=&#8220;{}&#8220;][\/et_pb_heading][\/et_pb_column][\/et_pb_row][\/et_pb_section][et_pb_section fb_built=&#8220;1&#8243; _builder_version=&#8220;4.24.0&#8243; _module_preset=&#8220;default&#8220; custom_padding=&#8220;0px||19px|||&#8220; global_colors_info=&#8220;{}&#8220;][et_pb_row _builder_version=&#8220;4.24.0&#8243; _module_preset=&#8220;default&#8220; global_colors_info=&#8220;{}&#8220;][et_pb_column type=&#8220;4_4&#8243; _builder_version=&#8220;4.24.0&#8243; _module_preset=&#8220;default&#8220; global_colors_info=&#8220;{}&#8220;][et_pb_text _builder_version=&#8220;4.24.0&#8243; _module_preset=&#8220;default&#8220; global_colors_info=&#8220;{}&#8220;]<\/p>\n<p style=\"background: white;\"><span style=\"color: #008080;\"><b><span style=\"font-size: 10.5pt; font-family: Tahoma, sans-serif;\">Pros\u00edm, pamatujte, \u017ee nen\u00ed mo\u017en\u00e9 vypl\u00e1cet kompenzaci PHM v hotovosti a to bez v\u00fdjime<span style=\"color: #008080;\">k<\/span><\/span><\/b><\/span><b><span style=\"font-size: 10.5pt; font-family: 'Tahoma',sans-serif; color: black;\"><span style=\"color: #008080;\">.<\/span> <\/span><\/b><\/p>\n<p style=\"background: white;\"><b><span style=\"font-size: 10.5pt; font-family: 'Tahoma',sans-serif; color: black;\">Poukazy na PHM budou vyd\u00e1v\u00e1ny ji\u017e od \u010dtvrtka 19.6.2025, po telefonick\u00e9 dohod\u011b i ve st\u0159edu 18.6.2025. Po\u017eadavky na vy\u0161\u0161\u00ed objem PHM ne\u017e je jedna n\u00e1dr\u017e bude tedy mo\u017en\u00e9 vy\u0159e\u0161it vyzvednut\u00edm poukaz\u016f u\u017e p\u0159ed rally. Ve\u0161ker\u00e9 po\u017eadavky na poukazy PHM musej\u00ed b\u00fdt p\u0159edlo\u017eeny do 21.6.2025.<o:p><\/o:p><\/span><\/b><\/p>\n<p>[\/et_pb_text][\/et_pb_column][\/et_pb_row][\/et_pb_section][et_pb_section fb_built=&#8220;1&#8243; _builder_version=&#8220;4.24.0&#8243; _module_preset=&#8220;default&#8220; custom_padding=&#8220;0px||0px|||&#8220; global_colors_info=&#8220;{}&#8220;][et_pb_row column_structure=&#8220;1_2,1_2&#8243; _builder_version=&#8220;4.24.0&#8243; _module_preset=&#8220;default&#8220; custom_padding=&#8220;0px||8px|||&#8220; global_colors_info=&#8220;{}&#8220;][et_pb_column type=&#8220;1_2&#8243; _builder_version=&#8220;4.24.0&#8243; _module_preset=&#8220;default&#8220; global_colors_info=&#8220;{}&#8220;][et_pb_button button_url=&#8220;@ET-DC@eyJkeW5hbWljIjp0cnVlLCJjb250ZW50IjoicG9zdF9saW5rX3VybF9hdHRhY2htZW50Iiwic2V0dGluZ3MiOnsicG9zdF9pZCI6IjI5MDYifX0=@&#8220; button_text=&#8220;St\u00e1hnout formul\u00e1\u0159 pro v\u00fdkaz PHM&#8220; _builder_version=&#8220;4.24.0&#8243; _dynamic_attributes=&#8220;button_url&#8220; _module_preset=&#8220;default&#8220; global_colors_info=&#8220;{}&#8220;][\/et_pb_button][\/et_pb_column][et_pb_column type=&#8220;1_2&#8243; _builder_version=&#8220;4.24.0&#8243; _module_preset=&#8220;default&#8220; global_colors_info=&#8220;{}&#8220;][et_pb_button button_url=&#8220;@ET-DC@eyJkeW5hbWljIjp0cnVlLCJjb250ZW50IjoicG9zdF9saW5rX3VybF9hdHRhY2htZW50Iiwic2V0dGluZ3MiOnsicG9zdF9pZCI6IjI5MDYifX0=@&#8220; button_text=&#8220;Vzorov\u00fd formul\u00e1\u0159 pro v\u00fdkaz PHM&#8220; _builder_version=&#8220;4.24.0&#8243; _dynamic_attributes=&#8220;button_url&#8220; _module_preset=&#8220;default&#8220; global_colors_info=&#8220;{}&#8220;][\/et_pb_button][\/et_pb_column][\/et_pb_row][\/et_pb_section][et_pb_section fb_built=&#8220;1&#8243; _builder_version=&#8220;4.24.0&#8243; _module_preset=&#8220;default&#8220; min_height=&#8220;43.2px&#8220; custom_padding=&#8220;0px||7px|||&#8220; global_colors_info=&#8220;{}&#8220;][et_pb_row _builder_version=&#8220;4.24.0&#8243; _module_preset=&#8220;default&#8220; global_colors_info=&#8220;{}&#8220;][et_pb_column type=&#8220;4_4&#8243; _builder_version=&#8220;4.24.0&#8243; _module_preset=&#8220;default&#8220; global_colors_info=&#8220;{}&#8220;][et_pb_text _builder_version=&#8220;4.24.0&#8243; _module_preset=&#8220;default&#8220; global_colors_info=&#8220;{}&#8220;]<\/p>\n<p><strong>Poukazy budeme vyd\u00e1vat na centr\u00e1ln\u00ed budov\u011b AGROTEC a.s. (Brn\u011bnsk\u00e1 74, Hustope\u010de)<\/strong><strong><br \/>V term\u00ednech.<\/strong><\/p>\n<p><strong> <\/strong><\/p>\n<p><strong><\/strong><\/p>\n<p><strong>\u010ctvrtek 19.6.2025 8:00 &#8211; 16:00<\/strong><\/p>\n<p><strong>P\u00e1tek 20.6.2025 od 8 :00 \u2013 16:00<\/strong><\/p>\n<p><strong>Sobota 21.6.2025 od 8:00 \u2013 dle kon\u00e1n\u00ed akce<\/strong><\/p>\n<p>pro po\u0159adatelsk\u00e9 skupiny nad\u00e1le plat\u00ed:<\/p>\n<p><strong>1. Ka\u017ed\u00e1 skupina za\u0161le emailem podklady na po\u017eadovan\u00e9 PHM nejpozd\u011bji do 20.6.2025 emailem. <\/strong>D\u016fle\u017eit\u00e9 je dodr\u017eet term\u00edn, jeliko\u017e pot\u0159ebujeme \u010das na zpracov\u00e1n\u00ed. V\u00fdjime\u010dn\u011b jej lze vyplnit po skon\u010den\u00ed rally na AGROTECu,\u00a0<strong>pros\u00edme ov\u0161em o zasl\u00e1n\u00ed v term\u00ednu.<\/strong><br \/>2. St\u00e1hn\u011bte si tabulku pr\u00e1zdn\u00e9ho formul\u00e1\u0159e v excelu na vypln\u011bn\u00ed<br \/>3. Vypln\u00edte ji v po\u010d\u00edta\u010di podle vzorov\u00e9ho a\u00a0ode\u0161lete na adresu poradatele_rally@agrotec.cz<br \/>4. Ka\u017ed\u00e1 cesta a auto bude vyk\u00e1z\u00e1no na vlastn\u00edm \u0159\u00e1dku.<br \/>5. Z d\u016fvodu urychlen\u00ed je mo\u017en\u00e9 vytankovat cel\u00e9 mno\u017estv\u00ed do jednoho auta nebo i do kanystr\u016f.<br \/>6. Pokud si budete cht\u00edt vytankovat m\u00edsto benz\u00ednu naftu, i to je mo\u017en\u00e9. Podstatn\u00e9 je mno\u017estv\u00ed pohonn\u00fdch hmot.<br \/>7. Poukaz na odb\u011br PHM dostanete v sobotu na Agrotecu. Kopii tohoto poukazu obdr\u017e\u00ed i obsluha \u010derpac\u00ed stanice pro kontrolu.<br \/>8. Po ukon\u010den\u00ed rally si provedete dotankov\u00e1n\u00ed na \u010derpac\u00ed stanici Agrotecu v Hustope\u010d\u00edch. Dotankov\u00e1n\u00ed bude moci b\u00fdt provedeno i v n\u00e1sleduj\u00edc\u00edch dnech cca do 30.6.2024. Bude z\u00e1le\u017eet pouze na v\u00e1s.<br \/>9. Neodkl\u00e1dejte vypl\u0148ov\u00e1n\u00ed na posledn\u00ed chv\u00edli, klidn\u011b n\u00e1m ho po\u0161lete i d\u0159\u00edve, a\u0165 to m\u016f\u017eeme v klidu zpracovat.<br \/>10. P\u0159\u00edpadn\u00e9 rozpory skute\u010dnosti oproti v\u00fdkazu je mo\u017en\u00e9 upravit po tel. hovoru v pr\u016fb\u011bhu rally.<\/p>\n<p>V p\u0159\u00edpad\u011b nejasnosti volejte: Marta M\u00e1drov\u00e1, tel:724 823 133<br \/><strong>Pozn. sna\u017ete se auta PLN\u011a obsazovat s ohledem na jejich kapacitu a velikost pos\u00e1dky<\/strong><\/p>\n<p>[\/et_pb_text][\/et_pb_column][\/et_pb_row][\/et_pb_section]<\/p>","protected":false},"excerpt":{"rendered":"<p>Pros\u00edm, pamatujte, \u017ee nen\u00ed mo\u017en\u00e9 vypl\u00e1cet kompenzaci PHM v hotovosti a to bez v\u00fdjimek. Poukazy na PHM budou vyd\u00e1v\u00e1ny ji\u017e od \u010dtvrtka 19.6.2025, po telefonick\u00e9 dohod\u011b i ve st\u0159edu 18.6.2025. Po\u017eadavky na vy\u0161\u0161\u00ed objem PHM ne\u017e je jedna n\u00e1dr\u017e bude tedy mo\u017en\u00e9 vy\u0159e\u0161it vyzvednut\u00edm poukaz\u016f u\u017e p\u0159ed rally. Ve\u0161ker\u00e9 po\u017eadavky na poukazy PHM musej\u00ed b\u00fdt [&hellip;]<\/p>","protected":false},"author":5,"featured_media":0,"parent":2729,"menu_order":0,"comment_status":"closed","ping_status":"closed","template":"","meta":{"_et_pb_use_builder":"on","_et_pb_old_content":"","_et_gb_content_width":"","footnotes":""},"yoast_head":"<!-- This site is optimized with the Yoast SEO plugin v21.9.1 - https:\/\/yoast.com\/wordpress\/plugins\/seo\/ -->\n<title>V\u00fdkazy PHM | AGROTEC Petronas Rally<\/title>\n<meta name=\"robots\" content=\"index, follow, max-snippet:-1, max-image-preview:large, max-video-preview:-1\" \/>\n<link rel=\"canonical\" href=\"https:\/\/www.agrotecrally.cz\/en\/pro-poradatele\/vykazy-phm\/\" \/>\n<meta property=\"og:locale\" content=\"en_GB\" \/>\n<meta property=\"og:type\" content=\"article\" \/>\n<meta property=\"og:title\" content=\"V\u00fdkazy PHM | AGROTEC Petronas Rally\" \/>\n<meta property=\"og:description\" content=\"Pros\u00edm, pamatujte, \u017ee nen\u00ed mo\u017en\u00e9 vypl\u00e1cet kompenzaci PHM v hotovosti a to bez v\u00fdjimek. Poukazy na PHM budou vyd\u00e1v\u00e1ny ji\u017e od \u010dtvrtka 19.6.2025, po telefonick\u00e9 dohod\u011b i ve st\u0159edu 18.6.2025. Po\u017eadavky na vy\u0161\u0161\u00ed objem PHM ne\u017e je jedna n\u00e1dr\u017e bude tedy mo\u017en\u00e9 vy\u0159e\u0161it vyzvednut\u00edm poukaz\u016f u\u017e p\u0159ed rally. Ve\u0161ker\u00e9 po\u017eadavky na poukazy PHM musej\u00ed b\u00fdt [&hellip;]\" \/>\n<meta property=\"og:url\" content=\"https:\/\/www.agrotecrally.cz\/en\/pro-poradatele\/vykazy-phm\/\" \/>\n<meta property=\"og:site_name\" content=\"AGROTEC Petronas Rally\" \/>\n<meta property=\"article:publisher\" content=\"https:\/\/www.facebook.com\/agrotecrally\" \/>\n<meta property=\"article:modified_time\" content=\"2025-05-26T11:07:54+00:00\" \/>\n<meta name=\"twitter:card\" content=\"summary_large_image\" \/>\n<meta name=\"twitter:label1\" content=\"Estimated reading time\" \/>\n\t<meta name=\"twitter:data1\" content=\"2 minutes\" \/>\n<script type=\"application\/ld+json\" class=\"yoast-schema-graph\">{\"@context\":\"https:\/\/schema.org\",\"@graph\":[{\"@type\":\"WebPage\",\"@id\":\"https:\/\/www.agrotecrally.cz\/pro-poradatele\/vykazy-phm\/\",\"url\":\"https:\/\/www.agrotecrally.cz\/pro-poradatele\/vykazy-phm\/\",\"name\":\"V\u00fdkazy PHM | AGROTEC Petronas Rally\",\"isPartOf\":{\"@id\":\"https:\/\/www.agrotecrally.cz\/#website\"},\"datePublished\":\"2024-04-24T12:00:40+00:00\",\"dateModified\":\"2025-05-26T11:07:54+00:00\",\"breadcrumb\":{\"@id\":\"https:\/\/www.agrotecrally.cz\/pro-poradatele\/vykazy-phm\/#breadcrumb\"},\"inLanguage\":\"en-GB\",\"potentialAction\":[{\"@type\":\"ReadAction\",\"target\":[\"https:\/\/www.agrotecrally.cz\/pro-poradatele\/vykazy-phm\/\"]}]},{\"@type\":\"BreadcrumbList\",\"@id\":\"https:\/\/www.agrotecrally.cz\/pro-poradatele\/vykazy-phm\/#breadcrumb\",\"itemListElement\":[{\"@type\":\"ListItem\",\"position\":1,\"name\":\"Dom\u016f\",\"item\":\"https:\/\/www.agrotecrally.cz\/\"},{\"@type\":\"ListItem\",\"position\":2,\"name\":\"Pro po\u0159adatele\",\"item\":\"https:\/\/www.agrotecrally.cz\/pro-poradatele\/\"},{\"@type\":\"ListItem\",\"position\":3,\"name\":\"V\u00fdkazy PHM\"}]},{\"@type\":\"WebSite\",\"@id\":\"https:\/\/www.agrotecrally.cz\/#website\",\"url\":\"https:\/\/www.agrotecrally.cz\/\",\"name\":\"AGROTEC Petronas rally\",\"description\":\"Rally mezi vinicemi\",\"publisher\":{\"@id\":\"https:\/\/www.agrotecrally.cz\/#organization\"},\"potentialAction\":[{\"@type\":\"SearchAction\",\"target\":{\"@type\":\"EntryPoint\",\"urlTemplate\":\"https:\/\/www.agrotecrally.cz\/?s={search_term_string}\"},\"query-input\":\"required name=search_term_string\"}],\"inLanguage\":\"en-GB\"},{\"@type\":\"Organization\",\"@id\":\"https:\/\/www.agrotecrally.cz\/#organization\",\"name\":\"AGROTEC Petronas rally\",\"url\":\"https:\/\/www.agrotecrally.cz\/\",\"logo\":{\"@type\":\"ImageObject\",\"inLanguage\":\"en-GB\",\"@id\":\"https:\/\/www.agrotecrally.cz\/#\/schema\/logo\/image\/\",\"url\":\"https:\/\/www.agrotecrally.cz\/wp-content\/uploads\/2021\/05\/AGROTEC-RALLY_16-01-web-2.png\",\"contentUrl\":\"https:\/\/www.agrotecrally.cz\/wp-content\/uploads\/2021\/05\/AGROTEC-RALLY_16-01-web-2.png\",\"width\":459,\"height\":222,\"caption\":\"AGROTEC Petronas rally\"},\"image\":{\"@id\":\"https:\/\/www.agrotecrally.cz\/#\/schema\/logo\/image\/\"},\"sameAs\":[\"https:\/\/www.facebook.com\/agrotecrally\"]}]}<\/script>\n<!-- \/ Yoast SEO plugin. -->","yoast_head_json":{"title":"V\u00fdkazy PHM | AGROTEC Petronas Rally","robots":{"index":"index","follow":"follow","max-snippet":"max-snippet:-1","max-image-preview":"max-image-preview:large","max-video-preview":"max-video-preview:-1"},"canonical":"https:\/\/www.agrotecrally.cz\/en\/pro-poradatele\/vykazy-phm\/","og_locale":"en_GB","og_type":"article","og_title":"V\u00fdkazy PHM | AGROTEC Petronas Rally","og_description":"Pros\u00edm, pamatujte, \u017ee nen\u00ed mo\u017en\u00e9 vypl\u00e1cet kompenzaci PHM v hotovosti a to bez v\u00fdjimek. Poukazy na PHM budou vyd\u00e1v\u00e1ny ji\u017e od \u010dtvrtka 19.6.2025, po telefonick\u00e9 dohod\u011b i ve st\u0159edu 18.6.2025. Po\u017eadavky na vy\u0161\u0161\u00ed objem PHM ne\u017e je jedna n\u00e1dr\u017e bude tedy mo\u017en\u00e9 vy\u0159e\u0161it vyzvednut\u00edm poukaz\u016f u\u017e p\u0159ed rally. Ve\u0161ker\u00e9 po\u017eadavky na poukazy PHM musej\u00ed b\u00fdt [&hellip;]","og_url":"https:\/\/www.agrotecrally.cz\/en\/pro-poradatele\/vykazy-phm\/","og_site_name":"AGROTEC Petronas Rally","article_publisher":"https:\/\/www.facebook.com\/agrotecrally","article_modified_time":"2025-05-26T11:07:54+00:00","twitter_card":"summary_large_image","twitter_misc":{"Estimated reading time":"2 minutes"},"schema":{"@context":"https:\/\/schema.org","@graph":[{"@type":"WebPage","@id":"https:\/\/www.agrotecrally.cz\/pro-poradatele\/vykazy-phm\/","url":"https:\/\/www.agrotecrally.cz\/pro-poradatele\/vykazy-phm\/","name":"V\u00fdkazy PHM | AGROTEC Petronas Rally","isPartOf":{"@id":"https:\/\/www.agrotecrally.cz\/#website"},"datePublished":"2024-04-24T12:00:40+00:00","dateModified":"2025-05-26T11:07:54+00:00","breadcrumb":{"@id":"https:\/\/www.agrotecrally.cz\/pro-poradatele\/vykazy-phm\/#breadcrumb"},"inLanguage":"en-GB","potentialAction":[{"@type":"ReadAction","target":["https:\/\/www.agrotecrally.cz\/pro-poradatele\/vykazy-phm\/"]}]},{"@type":"BreadcrumbList","@id":"https:\/\/www.agrotecrally.cz\/pro-poradatele\/vykazy-phm\/#breadcrumb","itemListElement":[{"@type":"ListItem","position":1,"name":"Dom\u016f","item":"https:\/\/www.agrotecrally.cz\/"},{"@type":"ListItem","position":2,"name":"Pro po\u0159adatele","item":"https:\/\/www.agrotecrally.cz\/pro-poradatele\/"},{"@type":"ListItem","position":3,"name":"V\u00fdkazy PHM"}]},{"@type":"WebSite","@id":"https:\/\/www.agrotecrally.cz\/#website","url":"https:\/\/www.agrotecrally.cz\/","name":"AGROTEC Petronas rally","description":"Rally mezi vinicemi","publisher":{"@id":"https:\/\/www.agrotecrally.cz\/#organization"},"potentialAction":[{"@type":"SearchAction","target":{"@type":"EntryPoint","urlTemplate":"https:\/\/www.agrotecrally.cz\/?s={search_term_string}"},"query-input":"required name=search_term_string"}],"inLanguage":"en-GB"},{"@type":"Organization","@id":"https:\/\/www.agrotecrally.cz\/#organization","name":"AGROTEC Petronas rally","url":"https:\/\/www.agrotecrally.cz\/","logo":{"@type":"ImageObject","inLanguage":"en-GB","@id":"https:\/\/www.agrotecrally.cz\/#\/schema\/logo\/image\/","url":"https:\/\/www.agrotecrally.cz\/wp-content\/uploads\/2021\/05\/AGROTEC-RALLY_16-01-web-2.png","contentUrl":"https:\/\/www.agrotecrally.cz\/wp-content\/uploads\/2021\/05\/AGROTEC-RALLY_16-01-web-2.png","width":459,"height":222,"caption":"AGROTEC Petronas rally"},"image":{"@id":"https:\/\/www.agrotecrally.cz\/#\/schema\/logo\/image\/"},"sameAs":["https:\/\/www.facebook.com\/agrotecrally"]}]}},"_links":{"self":[{"href":"https:\/\/www.agrotecrally.cz\/en\/wp-json\/wp\/v2\/pages\/2889"}],"collection":[{"href":"https:\/\/www.agrotecrally.cz\/en\/wp-json\/wp\/v2\/pages"}],"about":[{"href":"https:\/\/www.agrotecrally.cz\/en\/wp-json\/wp\/v2\/types\/page"}],"author":[{"embeddable":true,"href":"https:\/\/www.agrotecrally.cz\/en\/wp-json\/wp\/v2\/users\/5"}],"replies":[{"embeddable":true,"href":"https:\/\/www.agrotecrally.cz\/en\/wp-json\/wp\/v2\/comments?post=2889"}],"version-history":[{"count":12,"href":"https:\/\/www.agrotecrally.cz\/en\/wp-json\/wp\/v2\/pages\/2889\/revisions"}],"predecessor-version":[{"id":3841,"href":"https:\/\/www.agrotecrally.cz\/en\/wp-json\/wp\/v2\/pages\/2889\/revisions\/3841"}],"up":[{"embeddable":true,"href":"https:\/\/www.agrotecrally.cz\/en\/wp-json\/wp\/v2\/pages\/2729"}],"wp:attachment":[{"href":"https:\/\/www.agrotecrally.cz\/en\/wp-json\/wp\/v2\/media?parent=2889"}],"curies":[{"name":"wp","href":"https:\/\/api.w.org\/{rel}","templated":true}]}}