{"id":2891,"date":"2024-04-24T13:01:28","date_gmt":"2024-04-24T12:01:28","guid":{"rendered":"https:\/\/www.agrotecrally.cz\/?page_id=2891"},"modified":"2024-05-21T09:31:03","modified_gmt":"2024-05-21T08:31:03","slug":"vykazy-odmen","status":"publish","type":"page","link":"https:\/\/www.agrotecrally.cz\/en\/pro-poradatele\/vykazy-odmen\/","title":{"rendered":"V\u00fdkazy odm\u011bn"},"content":{"rendered":"<p>[et_pb_section fb_built=&#8220;1&#8243; _builder_version=&#8220;4.24.0&#8243; _module_preset=&#8220;default&#8220; background_color=&#8220;#008A78&#8243; min_height=&#8220;133.2px&#8220; custom_margin=&#8220;-33px||-19px|||&#8220; custom_padding=&#8220;25px||8px|||&#8220; global_colors_info=&#8220;{}&#8220; theme_builder_area=&#8220;post_content&#8220;][et_pb_row column_structure=&#8220;1_5,1_5,1_5,1_5,1_5&#8243; _builder_version=&#8220;4.24.0&#8243; _module_preset=&#8220;default&#8220; custom_margin=&#8220;|192px||auto||&#8220; custom_padding=&#8220;|2px||0px||&#8220; global_colors_info=&#8220;{}&#8220; theme_builder_area=&#8220;post_content&#8220;][et_pb_column type=&#8220;1_5&#8243; _builder_version=&#8220;4.24.0&#8243; _module_preset=&#8220;default&#8220; global_colors_info=&#8220;{}&#8220; theme_builder_area=&#8220;post_content&#8220;][et_pb_button button_url=&#8220;@ET-DC@eyJkeW5hbWljIjp0cnVlLCJjb250ZW50IjoicG9zdF9saW5rX3VybF9wYWdlIiwic2V0dGluZ3MiOnsicG9zdF9pZCI6IjI4ODUifX0=@&#8220; button_text=&#8220;Rozpisy RZ&#8220; _builder_version=&#8220;4.24.0&#8243; _dynamic_attributes=&#8220;button_url&#8220; _module_preset=&#8220;default&#8220; background_layout=&#8220;dark&#8220; global_colors_info=&#8220;{}&#8220; theme_builder_area=&#8220;post_content&#8220;][\/et_pb_button][\/et_pb_column][et_pb_column type=&#8220;1_5&#8243; _builder_version=&#8220;4.24.0&#8243; _module_preset=&#8220;default&#8220; global_colors_info=&#8220;{}&#8220; theme_builder_area=&#8220;post_content&#8220;][et_pb_button button_url=&#8220;@ET-DC@eyJkeW5hbWljIjp0cnVlLCJjb250ZW50IjoicG9zdF9saW5rX3VybF9wYWdlIiwic2V0dGluZ3MiOnsicG9zdF9pZCI6IjI4ODcifX0=@&#8220; button_text=&#8220;Ubytov\u00e1n\u00ed&#8220; _builder_version=&#8220;4.24.0&#8243; _dynamic_attributes=&#8220;button_url&#8220; _module_preset=&#8220;default&#8220; background_layout=&#8220;dark&#8220; global_colors_info=&#8220;{}&#8220; theme_builder_area=&#8220;post_content&#8220;][\/et_pb_button][\/et_pb_column][et_pb_column type=&#8220;1_5&#8243; _builder_version=&#8220;4.24.0&#8243; _module_preset=&#8220;default&#8220; global_colors_info=&#8220;{}&#8220; theme_builder_area=&#8220;post_content&#8220;][et_pb_button button_url=&#8220;@ET-DC@eyJkeW5hbWljIjp0cnVlLCJjb250ZW50IjoicG9zdF9saW5rX3VybF9wYWdlIiwic2V0dGluZ3MiOnsicG9zdF9pZCI6IjI4ODkifX0=@&#8220; button_text=&#8220;V\u00fdkaz PHM&#8220; _builder_version=&#8220;4.24.0&#8243; _dynamic_attributes=&#8220;button_url&#8220; _module_preset=&#8220;default&#8220; background_layout=&#8220;dark&#8220; custom_margin=&#8220;||9px|||&#8220; custom_padding=&#8220;||8px|||&#8220; global_colors_info=&#8220;{}&#8220; theme_builder_area=&#8220;post_content&#8220;][\/et_pb_button][\/et_pb_column][et_pb_column type=&#8220;1_5&#8243; _builder_version=&#8220;4.24.0&#8243; _module_preset=&#8220;default&#8220; global_colors_info=&#8220;{}&#8220; theme_builder_area=&#8220;post_content&#8220;][et_pb_button button_url=&#8220;@ET-DC@eyJkeW5hbWljIjp0cnVlLCJjb250ZW50IjoicG9zdF9saW5rX3VybF9wYWdlIiwic2V0dGluZ3MiOnsicG9zdF9pZCI6IjI4OTEifX0=@&#8220; button_text=&#8220;Vy\u00fa\u010dtov\u00e1n\u00ed odm\u011bn&#8220; admin_label=&#8220;Tla\u010d\u00edtko&#8220; _builder_version=&#8220;4.24.0&#8243; _dynamic_attributes=&#8220;button_url&#8220; _module_preset=&#8220;default&#8220; background_layout=&#8220;dark&#8220; custom_padding=&#8220;||9px|||&#8220; global_colors_info=&#8220;{}&#8220; theme_builder_area=&#8220;post_content&#8220;][\/et_pb_button][\/et_pb_column][et_pb_column type=&#8220;1_5&#8243; _builder_version=&#8220;4.24.0&#8243; _module_preset=&#8220;default&#8220; global_colors_info=&#8220;{}&#8220; theme_builder_area=&#8220;post_content&#8220;][et_pb_button button_url=&#8220;@ET-DC@eyJkeW5hbWljIjp0cnVlLCJjb250ZW50IjoicG9zdF9saW5rX3VybF9wYWdlIiwic2V0dGluZ3MiOnsicG9zdF9pZCI6IjI4OTQifX0=@&#8220; button_text=&#8220;Informace pro po\u0159adatele&#8220; _builder_version=&#8220;4.24.0&#8243; _dynamic_attributes=&#8220;button_url&#8220; _module_preset=&#8220;default&#8220; background_layout=&#8220;dark&#8220; custom_padding=&#8220;|0px||||&#8220; global_colors_info=&#8220;{}&#8220; theme_builder_area=&#8220;post_content&#8220;][\/et_pb_button][\/et_pb_column][\/et_pb_row][\/et_pb_section][et_pb_section fb_built=&#8220;1&#8243; _builder_version=&#8220;4.24.0&#8243; _module_preset=&#8220;default&#8220; global_colors_info=&#8220;{}&#8220; custom_padding=&#8220;1px|||||&#8220;][et_pb_row _builder_version=&#8220;4.24.0&#8243; _module_preset=&#8220;default&#8220; global_colors_info=&#8220;{}&#8220;][et_pb_column type=&#8220;4_4&#8243; _builder_version=&#8220;4.24.0&#8243; _module_preset=&#8220;default&#8220; global_colors_info=&#8220;{}&#8220;][et_pb_heading title=&#8220;POKYNY PRO VY\u00da\u010cTOV\u00c1N\u00cd ODM\u011aN&#8220; _builder_version=&#8220;4.24.0&#8243; _module_preset=&#8220;default&#8220; title_text_align=&#8220;center&#8220; title_text_color=&#8220;#008A78&#8243; global_colors_info=&#8220;{}&#8220;][\/et_pb_heading][\/et_pb_column][\/et_pb_row][\/et_pb_section][et_pb_section fb_built=&#8220;1&#8243; _builder_version=&#8220;4.24.0&#8243; _module_preset=&#8220;default&#8220; custom_margin=&#8220;-52px|||||&#8220; custom_padding=&#8220;0px|||||&#8220; global_colors_info=&#8220;{}&#8220;][et_pb_row _builder_version=&#8220;4.24.0&#8243; _module_preset=&#8220;default&#8220; global_colors_info=&#8220;{}&#8220;][et_pb_column type=&#8220;4_4&#8243; _builder_version=&#8220;4.24.0&#8243; _module_preset=&#8220;default&#8220; global_colors_info=&#8220;{}&#8220;][et_pb_text _builder_version=&#8220;4.24.0&#8243; _module_preset=&#8220;default&#8220; global_colors_info=&#8220;{}&#8220;]<\/p>\n<p>V\u00fdplaty \u0159adov\u00fdch po\u0159adatel\u016f budou <strong>prov\u00e1d\u011bt vedouc\u00ed RZ nebo vedouc\u00ed po\u0159adatelsk\u00fdch skupin <\/strong>v\u017edy po skon\u010den\u00ed RZ proti podpisu na m\u00edst\u011b.<\/p>\n<p>Hasi\u010de a brig\u00e1dn\u00edky budeme vypl\u00e1cet v hotovosti po skon\u010den\u00ed podniku, nebo v nejbli\u017e\u0161\u00edm domluven\u00e9m term\u00ednu na centr\u00e1le spole\u010dnosti AGROTEC v Hustope\u010d\u00edch.<\/p>\n<p>AGROTEC a.s. Brn\u011bnsk\u00e1 74, Hustope\u010de (centr\u00e1la showroom \u0160koda)<\/p>\n<p>Marta M\u00e1drov\u00e1, personalista rally, 724 823 133<\/p>\n<p>[\/et_pb_text][\/et_pb_column][\/et_pb_row][\/et_pb_section]<\/p>","protected":false},"excerpt":{"rendered":"<p>V\u00fdplaty \u0159adov\u00fdch po\u0159adatel\u016f budou prov\u00e1d\u011bt vedouc\u00ed RZ nebo vedouc\u00ed po\u0159adatelsk\u00fdch skupin v\u017edy po skon\u010den\u00ed RZ proti podpisu na m\u00edst\u011b. Hasi\u010de a brig\u00e1dn\u00edky budeme vypl\u00e1cet v hotovosti po skon\u010den\u00ed podniku, nebo v nejbli\u017e\u0161\u00edm domluven\u00e9m term\u00ednu na centr\u00e1le spole\u010dnosti AGROTEC v Hustope\u010d\u00edch. AGROTEC a.s. Brn\u011bnsk\u00e1 74, Hustope\u010de (centr\u00e1la showroom \u0160koda) Marta M\u00e1drov\u00e1, personalista rally, 724 823 133<\/p>","protected":false},"author":5,"featured_media":0,"parent":2729,"menu_order":0,"comment_status":"closed","ping_status":"closed","template":"","meta":{"_et_pb_use_builder":"on","_et_pb_old_content":"","_et_gb_content_width":"","footnotes":""},"yoast_head":"<!-- This site is optimized with the Yoast SEO plugin v21.9.1 - https:\/\/yoast.com\/wordpress\/plugins\/seo\/ -->\n<title>V\u00fdkazy odm\u011bn | AGROTEC Petronas Rally<\/title>\n<meta name=\"robots\" content=\"index, follow, max-snippet:-1, max-image-preview:large, max-video-preview:-1\" \/>\n<link rel=\"canonical\" href=\"https:\/\/www.agrotecrally.cz\/en\/pro-poradatele\/vykazy-odmen\/\" \/>\n<meta property=\"og:locale\" content=\"en_GB\" \/>\n<meta property=\"og:type\" content=\"article\" \/>\n<meta property=\"og:title\" content=\"V\u00fdkazy odm\u011bn | AGROTEC Petronas Rally\" \/>\n<meta property=\"og:description\" content=\"V\u00fdplaty \u0159adov\u00fdch po\u0159adatel\u016f budou prov\u00e1d\u011bt vedouc\u00ed RZ nebo vedouc\u00ed po\u0159adatelsk\u00fdch skupin v\u017edy po skon\u010den\u00ed RZ proti podpisu na m\u00edst\u011b. Hasi\u010de a brig\u00e1dn\u00edky budeme vypl\u00e1cet v hotovosti po skon\u010den\u00ed podniku, nebo v nejbli\u017e\u0161\u00edm domluven\u00e9m term\u00ednu na centr\u00e1le spole\u010dnosti AGROTEC v Hustope\u010d\u00edch. AGROTEC a.s. Brn\u011bnsk\u00e1 74, Hustope\u010de (centr\u00e1la showroom \u0160koda) Marta M\u00e1drov\u00e1, personalista rally, 724 823 133\" \/>\n<meta property=\"og:url\" content=\"https:\/\/www.agrotecrally.cz\/en\/pro-poradatele\/vykazy-odmen\/\" \/>\n<meta property=\"og:site_name\" content=\"AGROTEC Petronas Rally\" \/>\n<meta property=\"article:publisher\" content=\"https:\/\/www.facebook.com\/agrotecrally\" \/>\n<meta property=\"article:modified_time\" content=\"2024-05-21T08:31:03+00:00\" \/>\n<meta name=\"twitter:card\" content=\"summary_large_image\" \/>\n<meta name=\"twitter:label1\" content=\"Estimated reading time\" \/>\n\t<meta name=\"twitter:data1\" content=\"1 minute\" \/>\n<script type=\"application\/ld+json\" class=\"yoast-schema-graph\">{\"@context\":\"https:\/\/schema.org\",\"@graph\":[{\"@type\":\"WebPage\",\"@id\":\"https:\/\/www.agrotecrally.cz\/pro-poradatele\/vykazy-odmen\/\",\"url\":\"https:\/\/www.agrotecrally.cz\/pro-poradatele\/vykazy-odmen\/\",\"name\":\"V\u00fdkazy odm\u011bn | AGROTEC Petronas Rally\",\"isPartOf\":{\"@id\":\"https:\/\/www.agrotecrally.cz\/#website\"},\"datePublished\":\"2024-04-24T12:01:28+00:00\",\"dateModified\":\"2024-05-21T08:31:03+00:00\",\"breadcrumb\":{\"@id\":\"https:\/\/www.agrotecrally.cz\/pro-poradatele\/vykazy-odmen\/#breadcrumb\"},\"inLanguage\":\"en-GB\",\"potentialAction\":[{\"@type\":\"ReadAction\",\"target\":[\"https:\/\/www.agrotecrally.cz\/pro-poradatele\/vykazy-odmen\/\"]}]},{\"@type\":\"BreadcrumbList\",\"@id\":\"https:\/\/www.agrotecrally.cz\/pro-poradatele\/vykazy-odmen\/#breadcrumb\",\"itemListElement\":[{\"@type\":\"ListItem\",\"position\":1,\"name\":\"Dom\u016f\",\"item\":\"https:\/\/www.agrotecrally.cz\/\"},{\"@type\":\"ListItem\",\"position\":2,\"name\":\"Pro po\u0159adatele\",\"item\":\"https:\/\/www.agrotecrally.cz\/pro-poradatele\/\"},{\"@type\":\"ListItem\",\"position\":3,\"name\":\"V\u00fdkazy odm\u011bn\"}]},{\"@type\":\"WebSite\",\"@id\":\"https:\/\/www.agrotecrally.cz\/#website\",\"url\":\"https:\/\/www.agrotecrally.cz\/\",\"name\":\"AGROTEC Petronas rally\",\"description\":\"Rally mezi vinicemi\",\"publisher\":{\"@id\":\"https:\/\/www.agrotecrally.cz\/#organization\"},\"potentialAction\":[{\"@type\":\"SearchAction\",\"target\":{\"@type\":\"EntryPoint\",\"urlTemplate\":\"https:\/\/www.agrotecrally.cz\/?s={search_term_string}\"},\"query-input\":\"required name=search_term_string\"}],\"inLanguage\":\"en-GB\"},{\"@type\":\"Organization\",\"@id\":\"https:\/\/www.agrotecrally.cz\/#organization\",\"name\":\"AGROTEC Petronas rally\",\"url\":\"https:\/\/www.agrotecrally.cz\/\",\"logo\":{\"@type\":\"ImageObject\",\"inLanguage\":\"en-GB\",\"@id\":\"https:\/\/www.agrotecrally.cz\/#\/schema\/logo\/image\/\",\"url\":\"https:\/\/www.agrotecrally.cz\/wp-content\/uploads\/2021\/05\/AGROTEC-RALLY_16-01-web-2.png\",\"contentUrl\":\"https:\/\/www.agrotecrally.cz\/wp-content\/uploads\/2021\/05\/AGROTEC-RALLY_16-01-web-2.png\",\"width\":459,\"height\":222,\"caption\":\"AGROTEC Petronas rally\"},\"image\":{\"@id\":\"https:\/\/www.agrotecrally.cz\/#\/schema\/logo\/image\/\"},\"sameAs\":[\"https:\/\/www.facebook.com\/agrotecrally\"]}]}<\/script>\n<!-- \/ Yoast SEO plugin. -->","yoast_head_json":{"title":"V\u00fdkazy odm\u011bn | AGROTEC Petronas Rally","robots":{"index":"index","follow":"follow","max-snippet":"max-snippet:-1","max-image-preview":"max-image-preview:large","max-video-preview":"max-video-preview:-1"},"canonical":"https:\/\/www.agrotecrally.cz\/en\/pro-poradatele\/vykazy-odmen\/","og_locale":"en_GB","og_type":"article","og_title":"V\u00fdkazy odm\u011bn | AGROTEC Petronas Rally","og_description":"V\u00fdplaty \u0159adov\u00fdch po\u0159adatel\u016f budou prov\u00e1d\u011bt vedouc\u00ed RZ nebo vedouc\u00ed po\u0159adatelsk\u00fdch skupin v\u017edy po skon\u010den\u00ed RZ proti podpisu na m\u00edst\u011b. Hasi\u010de a brig\u00e1dn\u00edky budeme vypl\u00e1cet v hotovosti po skon\u010den\u00ed podniku, nebo v nejbli\u017e\u0161\u00edm domluven\u00e9m term\u00ednu na centr\u00e1le spole\u010dnosti AGROTEC v Hustope\u010d\u00edch. AGROTEC a.s. Brn\u011bnsk\u00e1 74, Hustope\u010de (centr\u00e1la showroom \u0160koda) Marta M\u00e1drov\u00e1, personalista rally, 724 823 133","og_url":"https:\/\/www.agrotecrally.cz\/en\/pro-poradatele\/vykazy-odmen\/","og_site_name":"AGROTEC Petronas Rally","article_publisher":"https:\/\/www.facebook.com\/agrotecrally","article_modified_time":"2024-05-21T08:31:03+00:00","twitter_card":"summary_large_image","twitter_misc":{"Estimated reading time":"1 minute"},"schema":{"@context":"https:\/\/schema.org","@graph":[{"@type":"WebPage","@id":"https:\/\/www.agrotecrally.cz\/pro-poradatele\/vykazy-odmen\/","url":"https:\/\/www.agrotecrally.cz\/pro-poradatele\/vykazy-odmen\/","name":"V\u00fdkazy odm\u011bn | AGROTEC Petronas Rally","isPartOf":{"@id":"https:\/\/www.agrotecrally.cz\/#website"},"datePublished":"2024-04-24T12:01:28+00:00","dateModified":"2024-05-21T08:31:03+00:00","breadcrumb":{"@id":"https:\/\/www.agrotecrally.cz\/pro-poradatele\/vykazy-odmen\/#breadcrumb"},"inLanguage":"en-GB","potentialAction":[{"@type":"ReadAction","target":["https:\/\/www.agrotecrally.cz\/pro-poradatele\/vykazy-odmen\/"]}]},{"@type":"BreadcrumbList","@id":"https:\/\/www.agrotecrally.cz\/pro-poradatele\/vykazy-odmen\/#breadcrumb","itemListElement":[{"@type":"ListItem","position":1,"name":"Dom\u016f","item":"https:\/\/www.agrotecrally.cz\/"},{"@type":"ListItem","position":2,"name":"Pro po\u0159adatele","item":"https:\/\/www.agrotecrally.cz\/pro-poradatele\/"},{"@type":"ListItem","position":3,"name":"V\u00fdkazy odm\u011bn"}]},{"@type":"WebSite","@id":"https:\/\/www.agrotecrally.cz\/#website","url":"https:\/\/www.agrotecrally.cz\/","name":"AGROTEC Petronas rally","description":"Rally mezi vinicemi","publisher":{"@id":"https:\/\/www.agrotecrally.cz\/#organization"},"potentialAction":[{"@type":"SearchAction","target":{"@type":"EntryPoint","urlTemplate":"https:\/\/www.agrotecrally.cz\/?s={search_term_string}"},"query-input":"required name=search_term_string"}],"inLanguage":"en-GB"},{"@type":"Organization","@id":"https:\/\/www.agrotecrally.cz\/#organization","name":"AGROTEC Petronas rally","url":"https:\/\/www.agrotecrally.cz\/","logo":{"@type":"ImageObject","inLanguage":"en-GB","@id":"https:\/\/www.agrotecrally.cz\/#\/schema\/logo\/image\/","url":"https:\/\/www.agrotecrally.cz\/wp-content\/uploads\/2021\/05\/AGROTEC-RALLY_16-01-web-2.png","contentUrl":"https:\/\/www.agrotecrally.cz\/wp-content\/uploads\/2021\/05\/AGROTEC-RALLY_16-01-web-2.png","width":459,"height":222,"caption":"AGROTEC Petronas rally"},"image":{"@id":"https:\/\/www.agrotecrally.cz\/#\/schema\/logo\/image\/"},"sameAs":["https:\/\/www.facebook.com\/agrotecrally"]}]}},"_links":{"self":[{"href":"https:\/\/www.agrotecrally.cz\/en\/wp-json\/wp\/v2\/pages\/2891"}],"collection":[{"href":"https:\/\/www.agrotecrally.cz\/en\/wp-json\/wp\/v2\/pages"}],"about":[{"href":"https:\/\/www.agrotecrally.cz\/en\/wp-json\/wp\/v2\/types\/page"}],"author":[{"embeddable":true,"href":"https:\/\/www.agrotecrally.cz\/en\/wp-json\/wp\/v2\/users\/5"}],"replies":[{"embeddable":true,"href":"https:\/\/www.agrotecrally.cz\/en\/wp-json\/wp\/v2\/comments?post=2891"}],"version-history":[{"count":5,"href":"https:\/\/www.agrotecrally.cz\/en\/wp-json\/wp\/v2\/pages\/2891\/revisions"}],"predecessor-version":[{"id":3055,"href":"https:\/\/www.agrotecrally.cz\/en\/wp-json\/wp\/v2\/pages\/2891\/revisions\/3055"}],"up":[{"embeddable":true,"href":"https:\/\/www.agrotecrally.cz\/en\/wp-json\/wp\/v2\/pages\/2729"}],"wp:attachment":[{"href":"https:\/\/www.agrotecrally.cz\/en\/wp-json\/wp\/v2\/media?parent=2891"}],"curies":[{"name":"wp","href":"https:\/\/api.w.org\/{rel}","templated":true}]}}