{"id":3223,"date":"2025-06-16T13:33:08","date_gmt":"2025-06-16T12:33:08","guid":{"rendered":"https:\/\/www.agrotecrally.cz\/?page_id=3223"},"modified":"2025-06-16T13:33:08","modified_gmt":"2025-06-16T12:33:08","slug":"shakedown","status":"publish","type":"page","link":"https:\/\/www.agrotecrally.cz\/en\/mapy-a-casovy-harmonogram\/shakedown\/","title":{"rendered":"Shakedown"},"content":{"rendered":"<p>[et_pb_section fb_built=&#8220;1&#8243; next_background_color=&#8220;#ffffff&#8220; admin_label=&#8220;Hero&#8220; _builder_version=&#8220;4.16&#8243; background_color=&#8220;#008A78&#8243; background_image=&#8220;http:\/\/agrotecrally.marekmusil.cz\/wp-content\/uploads\/2021\/01\/circle-background-pattern.png&#8220; custom_padding=&#8220;67px|0px|67.1875px|0px|false|false&#8220; bottom_divider_style=&#8220;ramp2&#8243; bottom_divider_height=&#8220;125px&#8220; bottom_divider_flip=&#8220;horizontal&#8220; animation_style=&#8220;zoom&#8220; animation_intensity_zoom=&#8220;4%&#8220; global_colors_info=&#8220;{}&#8220;][et_pb_row _builder_version=&#8220;4.16&#8243; custom_padding=&#8220;|||&#8220; animation_style=&#8220;slide&#8220; animation_direction=&#8220;top&#8220; animation_intensity_slide=&#8220;3%&#8220; global_colors_info=&#8220;{}&#8220;][et_pb_column type=&#8220;4_4&#8243; _builder_version=&#8220;4.16&#8243; custom_padding=&#8220;|||&#8220; global_colors_info=&#8220;{}&#8220; custom_padding__hover=&#8220;|||&#8220;][et_pb_text _builder_version=&#8220;4.24.0&#8243; text_font=&#8220;||||||||&#8220; header_font=&#8220;|700||on|||||&#8220; header_text_color=&#8220;#f7f7f7&#8243; header_font_size=&#8220;60px&#8220; header_line_height=&#8220;1.3em&#8220; custom_margin=&#8220;|||&#8220; animation_style=&#8220;fade&#8220; header_font_size_tablet=&#8220;&#8220; header_font_size_phone=&#8220;34px&#8220; header_font_size_last_edited=&#8220;on|phone&#8220; locked=&#8220;off&#8220; global_colors_info=&#8220;{}&#8220;]<\/p>\n<h1>Shakedown<\/h1>\n<p>&nbsp;<\/p>\n<p>[\/et_pb_text][\/et_pb_column][\/et_pb_row][\/et_pb_section][et_pb_section fb_built=&#8220;1&#8243; _builder_version=&#8220;4.16&#8243; _module_preset=&#8220;default&#8220; custom_padding=&#8220;||19px|||&#8220; animation_style=&#8220;fade&#8220; global_colors_info=&#8220;{}&#8220;][et_pb_row _builder_version=&#8220;4.24.0&#8243; _module_preset=&#8220;default&#8220; global_colors_info=&#8220;{}&#8220;][et_pb_column type=&#8220;4_4&#8243; _builder_version=&#8220;4.24.0&#8243; _module_preset=&#8220;default&#8220; global_colors_info=&#8220;{}&#8220;][et_pb_text _builder_version=&#8220;4.24.0&#8243; _module_preset=&#8220;default&#8220; global_colors_info=&#8220;{}&#8220;]<\/p>\n<p>Shakedown je uzav\u0159en\u00fd \u00fasek, kter\u00fd pilot\u016fm umo\u017e\u0148uje si je\u0161t\u011b p\u0159ed ostr\u00fdm startem naposledy vyzkou\u0161et sv\u016fj z\u00e1vodn\u00ed v\u016fz. Kon\u00e1 se v\u00a0p\u00e1tek od\u00a010:30 do\u00a014:15 hod. D\u00e9lka testu je 2,96\u2005km.<\/p>\n<p>Shakedown je vyty\u010den na\u00a0\u010d\u00e1sti tradi\u010dn\u00ed rychlostn\u00ed zkou\u0161ky Starovice. Na\u00a0tra\u0165 se od\u00a0startu a\u00a0c\u00edle dostanete p\u0159ev\u00e1\u017en\u011b p\u011b\u0161ky od\u00a0Uher\u010dic. Do\u00a0st\u0159edu \u00faseku m\u016f\u017eete dojet i\u00a0od\u00a0Popic\u2013st\u0159elnice. Mus\u00edte ale po\u010d\u00edtat s\u00a0p\u011b\u0161\u00ed t\u016frou cca 1,5\u2005km. Jedin\u00e1 pohodln\u011b p\u0159\u00edstupn\u00e1 lev\u00e1 zat\u00e1\u010dka je od\u00a0Starovic ale vzhledem k\u00a0oset\u00fdm ploch\u00e1m nen\u00ed pro div\u00e1ky mnoho m\u00edsta.<\/p>\n<p>[\/et_pb_text][\/et_pb_column][\/et_pb_row][et_pb_row _builder_version=&#8220;4.24.0&#8243; _module_preset=&#8220;default&#8220; global_colors_info=&#8220;{}&#8220;][et_pb_column type=&#8220;4_4&#8243; _builder_version=&#8220;4.24.0&#8243; _module_preset=&#8220;default&#8220; global_colors_info=&#8220;{}&#8220;][et_pb_image src=&#8220;https:\/\/www.agrotecrally.cz\/wp-content\/uploads\/2025\/06\/Rally-2025-SH-01.jpg&#8220; title_text=&#8220;Rally 2025 SH-01&#8243; _builder_version=&#8220;4.24.0&#8243; _module_preset=&#8220;default&#8220; global_colors_info=&#8220;{}&#8220;][\/et_pb_image][\/et_pb_column][\/et_pb_row][et_pb_row _builder_version=&#8220;4.24.0&#8243; _module_preset=&#8220;default&#8220; global_colors_info=&#8220;{}&#8220;][et_pb_column type=&#8220;4_4&#8243; _builder_version=&#8220;4.24.0&#8243; _module_preset=&#8220;default&#8220; global_colors_info=&#8220;{}&#8220;][et_pb_code _builder_version=&#8220;4.24.0&#8243; _module_preset=&#8220;default&#8220; hover_enabled=&#8220;0&#8243; sticky_enabled=&#8220;0&#8243;]<iframe loading=\"lazy\" width=\"100%\" height=\"640\" frameborder=\"0\" allow=\"xr-spatial-tracking; gyroscope; accelerometer\" allowfullscreen scrolling=\"no\" src=\"https:\/\/www.kuula.co\/share\/collection\/71KQG?logo=0&#038;info=0&#038;fs=1&#038;vr=1&#038;sd=1&#038;initload=0&#038;thumbs=1\"><\/iframe>[\/et_pb_code][\/et_pb_column][\/et_pb_row][\/et_pb_section][et_pb_section fb_built=&#8220;1&#8243; prev_background_color=&#8220;#ffffff&#8220; admin_label=&#8220;Hero&#8220; _builder_version=&#8220;4.16&#8243; background_color=&#8220;#008A78&#8243; background_image=&#8220;http:\/\/agrotecrally.marekmusil.cz\/wp-content\/uploads\/2021\/01\/circle-background-pattern.png&#8220; custom_padding=&#8220;59px|0px|28.2px|0px|false|false&#8220; top_divider_style=&#8220;ramp2&#8243; top_divider_flip=&#8220;horizontal&#8220; bottom_divider_height=&#8220;125px&#8220; bottom_divider_flip=&#8220;horizontal&#8220; animation_style=&#8220;zoom&#8220; animation_intensity_zoom=&#8220;4%&#8220; global_colors_info=&#8220;{}&#8220;][et_pb_row disabled_on=&#8220;on|on|on&#8220; _builder_version=&#8220;4.16&#8243; custom_padding=&#8220;|||&#8220; animation_style=&#8220;slide&#8220; animation_direction=&#8220;top&#8220; animation_intensity_slide=&#8220;3%&#8220; disabled=&#8220;on&#8220; locked=&#8220;off&#8220; global_colors_info=&#8220;{}&#8220;][et_pb_column type=&#8220;4_4&#8243; _builder_version=&#8220;4.16&#8243; custom_padding=&#8220;|||&#8220; global_colors_info=&#8220;{}&#8220; custom_padding__hover=&#8220;|||&#8220;][et_pb_text _builder_version=&#8220;4.16&#8243; text_font=&#8220;||||||||&#8220; header_font=&#8220;|700||on|||||&#8220; header_text_align=&#8220;center&#8220; header_text_color=&#8220;#000000&#8243; header_font_size=&#8220;48px&#8220; header_line_height=&#8220;1.3em&#8220; header_2_font=&#8220;|700||on|||||&#8220; header_2_text_align=&#8220;center&#8220; header_2_text_color=&#8220;#f7f7f7&#8243; header_2_font_size=&#8220;48px&#8220; header_6_font=&#8220;|||on|||||&#8220; header_6_text_align=&#8220;center&#8220; header_6_font_size=&#8220;17px&#8220; header_6_line_height=&#8220;1.6em&#8220; custom_margin=&#8220;|||&#8220; custom_padding=&#8220;49px|||||&#8220; animation_style=&#8220;fade&#8220; header_font_size_last_edited=&#8220;off|desktop&#8220; header_2_font_size_tablet=&#8220;&#8220; header_2_font_size_phone=&#8220;40px&#8220; header_2_font_size_last_edited=&#8220;on|phone&#8220; locked=&#8220;off&#8220; global_colors_info=&#8220;{}&#8220;]<\/p>\n<h6>Pro div\u00e1ky<\/h6>\n<h2>Interaktivn\u00ed mapy<\/h2>\n<p>[\/et_pb_text][et_pb_button button_url=&#8220;https:\/\/www.agrotecrally.cz\/divaci#interaktivni-mapy&#8220; button_text=&#8220;Najdete v sekci Div\u00e1ci&#8220; button_alignment=&#8220;center&#8220; _builder_version=&#8220;4.16&#8243; _module_preset=&#8220;default&#8220; custom_button=&#8220;on&#8220; button_text_size=&#8220;18px&#8220; button_text_color=&#8220;#FFFFFF&#8220; button_bg_color_last_edited=&#8220;off|desktop&#8220; global_colors_info=&#8220;{}&#8220; button_bg_color__hover_enabled=&#8220;on|hover&#8220; button_bg_color__hover=&#8220;#FFFFFF&#8220; button_bg_enable_color__hover=&#8220;on&#8220; button_text_color__hover_enabled=&#8220;on|hover&#8220; button_text_color__hover=&#8220;#008A78&#8243;][\/et_pb_button][\/et_pb_column][\/et_pb_row][\/et_pb_section]<\/p>","protected":false},"excerpt":{"rendered":"<p>Shakedown &nbsp;Shakedown je uzav\u0159en\u00fd \u00fasek, kter\u00fd pilot\u016fm umo\u017e\u0148uje si je\u0161t\u011b p\u0159ed ostr\u00fdm startem naposledy vyzkou\u0161et sv\u016fj z\u00e1vodn\u00ed v\u016fz. Kon\u00e1 se v\u00a0p\u00e1tek od\u00a010:30 do\u00a014:15 hod. D\u00e9lka testu je 2,96\u2005km. Shakedown je vyty\u010den na\u00a0\u010d\u00e1sti tradi\u010dn\u00ed rychlostn\u00ed zkou\u0161ky Starovice. Na\u00a0tra\u0165 se od\u00a0startu a\u00a0c\u00edle dostanete p\u0159ev\u00e1\u017en\u011b p\u011b\u0161ky od\u00a0Uher\u010dic. Do\u00a0st\u0159edu \u00faseku m\u016f\u017eete dojet i\u00a0od\u00a0Popic\u2013st\u0159elnice. Mus\u00edte ale po\u010d\u00edtat s\u00a0p\u011b\u0161\u00ed t\u016frou cca [&hellip;]<\/p>","protected":false},"author":5,"featured_media":1001,"parent":1152,"menu_order":0,"comment_status":"closed","ping_status":"closed","template":"","meta":{"_et_pb_use_builder":"on","_et_pb_old_content":"","_et_gb_content_width":"","footnotes":""},"yoast_head":"<!-- This site is optimized with the Yoast SEO plugin v21.9.1 - https:\/\/yoast.com\/wordpress\/plugins\/seo\/ -->\n<title>Shakedown | AGROTEC Petronas Rally<\/title>\n<meta name=\"description\" content=\"Pod\u00edvejte se na mapy jednotliv\u00fdch rychlostn\u00edch zkou\u0161ek i celkov\u00e9 mapy etap v\u010detn\u011b \u010dasov\u00e9ho harmonogramu AGROTEC Petronas rally 2021.\" \/>\n<meta name=\"robots\" content=\"index, follow, max-snippet:-1, max-image-preview:large, max-video-preview:-1\" \/>\n<link rel=\"canonical\" href=\"https:\/\/www.agrotecrally.cz\/en\/mapy-a-casovy-harmonogram\/shakedown\/\" \/>\n<meta property=\"og:locale\" content=\"en_GB\" \/>\n<meta property=\"og:type\" content=\"article\" \/>\n<meta property=\"og:title\" content=\"Shakedown | AGROTEC Petronas Rally\" \/>\n<meta property=\"og:description\" content=\"Pod\u00edvejte se na mapy jednotliv\u00fdch rychlostn\u00edch zkou\u0161ek i celkov\u00e9 mapy etap v\u010detn\u011b \u010dasov\u00e9ho harmonogramu AGROTEC Petronas rally 2021.\" \/>\n<meta property=\"og:url\" content=\"https:\/\/www.agrotecrally.cz\/en\/mapy-a-casovy-harmonogram\/shakedown\/\" \/>\n<meta property=\"og:site_name\" content=\"AGROTEC Petronas Rally\" \/>\n<meta property=\"article:publisher\" content=\"https:\/\/www.facebook.com\/agrotecrally\" \/>\n<meta property=\"og:image\" content=\"https:\/\/www.agrotecrally.cz\/wp-content\/uploads\/2021\/06\/IMGP4058-Edit.jpg\" \/>\n\t<meta property=\"og:image:width\" content=\"2011\" \/>\n\t<meta property=\"og:image:height\" content=\"1342\" \/>\n\t<meta property=\"og:image:type\" content=\"image\/jpeg\" \/>\n<meta name=\"twitter:card\" content=\"summary_large_image\" \/>\n<meta name=\"twitter:label1\" content=\"Estimated reading time\" \/>\n\t<meta name=\"twitter:data1\" content=\"1 minute\" \/>\n<script type=\"application\/ld+json\" class=\"yoast-schema-graph\">{\"@context\":\"https:\/\/schema.org\",\"@graph\":[{\"@type\":\"WebPage\",\"@id\":\"https:\/\/www.agrotecrally.cz\/mapy-a-casovy-harmonogram\/shakedown\/\",\"url\":\"https:\/\/www.agrotecrally.cz\/mapy-a-casovy-harmonogram\/shakedown\/\",\"name\":\"Shakedown | AGROTEC Petronas Rally\",\"isPartOf\":{\"@id\":\"https:\/\/www.agrotecrally.cz\/#website\"},\"datePublished\":\"2025-06-16T12:33:08+00:00\",\"dateModified\":\"2025-06-16T12:33:08+00:00\",\"description\":\"Pod\u00edvejte se na mapy jednotliv\u00fdch rychlostn\u00edch zkou\u0161ek i celkov\u00e9 mapy etap v\u010detn\u011b \u010dasov\u00e9ho harmonogramu AGROTEC Petronas rally 2021.\",\"breadcrumb\":{\"@id\":\"https:\/\/www.agrotecrally.cz\/mapy-a-casovy-harmonogram\/shakedown\/#breadcrumb\"},\"inLanguage\":\"en-GB\",\"potentialAction\":[{\"@type\":\"ReadAction\",\"target\":[\"https:\/\/www.agrotecrally.cz\/mapy-a-casovy-harmonogram\/shakedown\/\"]}]},{\"@type\":\"BreadcrumbList\",\"@id\":\"https:\/\/www.agrotecrally.cz\/mapy-a-casovy-harmonogram\/shakedown\/#breadcrumb\",\"itemListElement\":[{\"@type\":\"ListItem\",\"position\":1,\"name\":\"Dom\u016f\",\"item\":\"https:\/\/www.agrotecrally.cz\/\"},{\"@type\":\"ListItem\",\"position\":2,\"name\":\"Mapy a \u010dasov\u00fd harmonogram\",\"item\":\"https:\/\/www.agrotecrally.cz\/mapy-a-casovy-harmonogram\/\"},{\"@type\":\"ListItem\",\"position\":3,\"name\":\"Shakedown\"}]},{\"@type\":\"WebSite\",\"@id\":\"https:\/\/www.agrotecrally.cz\/#website\",\"url\":\"https:\/\/www.agrotecrally.cz\/\",\"name\":\"AGROTEC Petronas rally\",\"description\":\"Rally mezi vinicemi\",\"publisher\":{\"@id\":\"https:\/\/www.agrotecrally.cz\/#organization\"},\"potentialAction\":[{\"@type\":\"SearchAction\",\"target\":{\"@type\":\"EntryPoint\",\"urlTemplate\":\"https:\/\/www.agrotecrally.cz\/?s={search_term_string}\"},\"query-input\":\"required name=search_term_string\"}],\"inLanguage\":\"en-GB\"},{\"@type\":\"Organization\",\"@id\":\"https:\/\/www.agrotecrally.cz\/#organization\",\"name\":\"AGROTEC Petronas rally\",\"url\":\"https:\/\/www.agrotecrally.cz\/\",\"logo\":{\"@type\":\"ImageObject\",\"inLanguage\":\"en-GB\",\"@id\":\"https:\/\/www.agrotecrally.cz\/#\/schema\/logo\/image\/\",\"url\":\"https:\/\/www.agrotecrally.cz\/wp-content\/uploads\/2021\/05\/AGROTEC-RALLY_16-01-web-2.png\",\"contentUrl\":\"https:\/\/www.agrotecrally.cz\/wp-content\/uploads\/2021\/05\/AGROTEC-RALLY_16-01-web-2.png\",\"width\":459,\"height\":222,\"caption\":\"AGROTEC Petronas rally\"},\"image\":{\"@id\":\"https:\/\/www.agrotecrally.cz\/#\/schema\/logo\/image\/\"},\"sameAs\":[\"https:\/\/www.facebook.com\/agrotecrally\"]}]}<\/script>\n<!-- \/ Yoast SEO plugin. -->","yoast_head_json":{"title":"Shakedown | AGROTEC Petronas Rally","description":"Pod\u00edvejte se na mapy jednotliv\u00fdch rychlostn\u00edch zkou\u0161ek i celkov\u00e9 mapy etap v\u010detn\u011b \u010dasov\u00e9ho harmonogramu AGROTEC Petronas rally 2021.","robots":{"index":"index","follow":"follow","max-snippet":"max-snippet:-1","max-image-preview":"max-image-preview:large","max-video-preview":"max-video-preview:-1"},"canonical":"https:\/\/www.agrotecrally.cz\/en\/mapy-a-casovy-harmonogram\/shakedown\/","og_locale":"en_GB","og_type":"article","og_title":"Shakedown | AGROTEC Petronas Rally","og_description":"Pod\u00edvejte se na mapy jednotliv\u00fdch rychlostn\u00edch zkou\u0161ek i celkov\u00e9 mapy etap v\u010detn\u011b \u010dasov\u00e9ho harmonogramu AGROTEC Petronas rally 2021.","og_url":"https:\/\/www.agrotecrally.cz\/en\/mapy-a-casovy-harmonogram\/shakedown\/","og_site_name":"AGROTEC Petronas Rally","article_publisher":"https:\/\/www.facebook.com\/agrotecrally","og_image":[{"width":2011,"height":1342,"url":"https:\/\/www.agrotecrally.cz\/wp-content\/uploads\/2021\/06\/IMGP4058-Edit.jpg","type":"image\/jpeg"}],"twitter_card":"summary_large_image","twitter_misc":{"Estimated reading time":"1 minute"},"schema":{"@context":"https:\/\/schema.org","@graph":[{"@type":"WebPage","@id":"https:\/\/www.agrotecrally.cz\/mapy-a-casovy-harmonogram\/shakedown\/","url":"https:\/\/www.agrotecrally.cz\/mapy-a-casovy-harmonogram\/shakedown\/","name":"Shakedown | AGROTEC Petronas Rally","isPartOf":{"@id":"https:\/\/www.agrotecrally.cz\/#website"},"datePublished":"2025-06-16T12:33:08+00:00","dateModified":"2025-06-16T12:33:08+00:00","description":"Pod\u00edvejte se na mapy jednotliv\u00fdch rychlostn\u00edch zkou\u0161ek i celkov\u00e9 mapy etap v\u010detn\u011b \u010dasov\u00e9ho harmonogramu AGROTEC Petronas rally 2021.","breadcrumb":{"@id":"https:\/\/www.agrotecrally.cz\/mapy-a-casovy-harmonogram\/shakedown\/#breadcrumb"},"inLanguage":"en-GB","potentialAction":[{"@type":"ReadAction","target":["https:\/\/www.agrotecrally.cz\/mapy-a-casovy-harmonogram\/shakedown\/"]}]},{"@type":"BreadcrumbList","@id":"https:\/\/www.agrotecrally.cz\/mapy-a-casovy-harmonogram\/shakedown\/#breadcrumb","itemListElement":[{"@type":"ListItem","position":1,"name":"Dom\u016f","item":"https:\/\/www.agrotecrally.cz\/"},{"@type":"ListItem","position":2,"name":"Mapy a \u010dasov\u00fd harmonogram","item":"https:\/\/www.agrotecrally.cz\/mapy-a-casovy-harmonogram\/"},{"@type":"ListItem","position":3,"name":"Shakedown"}]},{"@type":"WebSite","@id":"https:\/\/www.agrotecrally.cz\/#website","url":"https:\/\/www.agrotecrally.cz\/","name":"AGROTEC Petronas rally","description":"Rally mezi vinicemi","publisher":{"@id":"https:\/\/www.agrotecrally.cz\/#organization"},"potentialAction":[{"@type":"SearchAction","target":{"@type":"EntryPoint","urlTemplate":"https:\/\/www.agrotecrally.cz\/?s={search_term_string}"},"query-input":"required name=search_term_string"}],"inLanguage":"en-GB"},{"@type":"Organization","@id":"https:\/\/www.agrotecrally.cz\/#organization","name":"AGROTEC Petronas rally","url":"https:\/\/www.agrotecrally.cz\/","logo":{"@type":"ImageObject","inLanguage":"en-GB","@id":"https:\/\/www.agrotecrally.cz\/#\/schema\/logo\/image\/","url":"https:\/\/www.agrotecrally.cz\/wp-content\/uploads\/2021\/05\/AGROTEC-RALLY_16-01-web-2.png","contentUrl":"https:\/\/www.agrotecrally.cz\/wp-content\/uploads\/2021\/05\/AGROTEC-RALLY_16-01-web-2.png","width":459,"height":222,"caption":"AGROTEC Petronas rally"},"image":{"@id":"https:\/\/www.agrotecrally.cz\/#\/schema\/logo\/image\/"},"sameAs":["https:\/\/www.facebook.com\/agrotecrally"]}]}},"_links":{"self":[{"href":"https:\/\/www.agrotecrally.cz\/en\/wp-json\/wp\/v2\/pages\/3223"}],"collection":[{"href":"https:\/\/www.agrotecrally.cz\/en\/wp-json\/wp\/v2\/pages"}],"about":[{"href":"https:\/\/www.agrotecrally.cz\/en\/wp-json\/wp\/v2\/types\/page"}],"author":[{"embeddable":true,"href":"https:\/\/www.agrotecrally.cz\/en\/wp-json\/wp\/v2\/users\/5"}],"replies":[{"embeddable":true,"href":"https:\/\/www.agrotecrally.cz\/en\/wp-json\/wp\/v2\/comments?post=3223"}],"version-history":[{"count":11,"href":"https:\/\/www.agrotecrally.cz\/en\/wp-json\/wp\/v2\/pages\/3223\/revisions"}],"predecessor-version":[{"id":4104,"href":"https:\/\/www.agrotecrally.cz\/en\/wp-json\/wp\/v2\/pages\/3223\/revisions\/4104"}],"up":[{"embeddable":true,"href":"https:\/\/www.agrotecrally.cz\/en\/wp-json\/wp\/v2\/pages\/1152"}],"wp:featuredmedia":[{"embeddable":true,"href":"https:\/\/www.agrotecrally.cz\/en\/wp-json\/wp\/v2\/media\/1001"}],"wp:attachment":[{"href":"https:\/\/www.agrotecrally.cz\/en\/wp-json\/wp\/v2\/media?parent=3223"}],"curies":[{"name":"wp","href":"https:\/\/api.w.org\/{rel}","templated":true}]}}