{"id":3489,"date":"2024-07-11T21:27:28","date_gmt":"2024-07-11T20:27:28","guid":{"rendered":"https:\/\/www.agrotecrally.cz\/?page_id=3489"},"modified":"2024-07-11T21:51:14","modified_gmt":"2024-07-11T20:51:14","slug":"co-je-eco-rally","status":"publish","type":"page","link":"https:\/\/www.agrotecrally.cz\/en\/eco\/co-je-eco-rally\/","title":{"rendered":"Co je ECO Rally"},"content":{"rendered":"<p>[et_pb_section fb_built=&#8220;1&#8243; next_background_color=&#8220;#ffffff&#8220; admin_label=&#8220;Hero&#8220; _builder_version=&#8220;4.16&#8243; background_color=&#8220;#008A78&#8243; background_image=&#8220;http:\/\/agrotecrally.marekmusil.cz\/wp-content\/uploads\/2021\/01\/circle-background-pattern.png&#8220; custom_padding=&#8220;67px|0px|67.1875px|0px|false|false&#8220; bottom_divider_style=&#8220;ramp2&#8243; bottom_divider_height=&#8220;125px&#8220; bottom_divider_flip=&#8220;horizontal&#8220; global_colors_info=&#8220;{}&#8220;][et_pb_row _builder_version=&#8220;4.16&#8243; custom_padding=&#8220;|||&#8220; animation_style=&#8220;slide&#8220; animation_direction=&#8220;top&#8220; animation_intensity_slide=&#8220;3%&#8220; global_colors_info=&#8220;{}&#8220;][et_pb_column type=&#8220;4_4&#8243; _builder_version=&#8220;4.16&#8243; custom_padding=&#8220;|||&#8220; global_colors_info=&#8220;{}&#8220; custom_padding__hover=&#8220;|||&#8220;][et_pb_text _builder_version=&#8220;4.24.0&#8243; text_font=&#8220;||||||||&#8220; header_font=&#8220;|700||on|||||&#8220; header_text_color=&#8220;#f7f7f7&#8243; header_font_size=&#8220;60px&#8220; header_line_height=&#8220;1.3em&#8220; custom_margin=&#8220;|||&#8220; animation_style=&#8220;fade&#8220; header_font_size_tablet=&#8220;&#8220; header_font_size_phone=&#8220;40px&#8220; header_font_size_last_edited=&#8220;on|phone&#8220; header_2_font_size_phone=&#8220;22px&#8220; header_2_font_size_last_edited=&#8220;off|phone&#8220; locked=&#8220;off&#8220; global_colors_info=&#8220;{}&#8220;]<\/p>\n<h1>Co je to eco rally?<\/p>\n<\/h1>\n<p>[\/et_pb_text][\/et_pb_column][\/et_pb_row][\/et_pb_section][et_pb_section fb_built=&#8220;1&#8243; _builder_version=&#8220;4.16&#8243; _module_preset=&#8220;default&#8220; custom_padding=&#8220;21px||23px|||&#8220; global_colors_info=&#8220;{}&#8220;][et_pb_row _builder_version=&#8220;4.24.0&#8243; _module_preset=&#8220;default&#8220; global_colors_info=&#8220;{}&#8220;][et_pb_column type=&#8220;4_4&#8243; _builder_version=&#8220;4.24.0&#8243; _module_preset=&#8220;default&#8220; global_colors_info=&#8220;{}&#8220;][et_pb_text _builder_version=&#8220;4.24.0&#8243; _module_preset=&#8220;default&#8220; global_colors_info=&#8220;{}&#8220;]<\/p>\n<h3 style=\"text-align: center;\">Z\u00c1KLADN\u00cd INFORMACE O ECO RALLY<\/h3>\n<p>&nbsp;<\/p>\n<p>AGROTEC Eco Rally Hustope\u010de je rally pravidelnosti, jeho\u017e principem je dodr\u017eov\u00e1n\u00ed organiz\u00e1torem stanoven\u00e9ho rychlostn\u00edho pr\u016fm\u011bru na trase m\u011b\u0159en\u00fdch test\u016f, tzv. zkou\u0161ek pravidelnosti. Nez\u00e1le\u017e\u00ed tak na tom, kdo dan\u00fdm \u00fasekem projede nejrychleji.<\/p>\n<p><strong>Letos se mohou z\u00e1vodu z\u00fa\u010dastnit v\u0161ichni dr\u017eitel\u00e9 \u0159idi\u010dsk\u00e9ho pr\u016fkazu a z\u00e1vodit je mo\u017en\u00e9 s vozem se spalovac\u00edm motorem. C\u00edlem nebude zajet trasu nejrychleji, ale nejbezpe\u010dn\u011bji a nejekonomi\u010dt\u011bji.<\/strong><\/p>\n<p>Rally se pojede po ve\u0159ejn\u00fdch komunikac\u00edch v b\u011b\u017en\u00e9m provozu bez uzav\u00edrek, povinnost\u00ed pos\u00e1dky je tak dodr\u017eovat ve\u0161ker\u00e1 pravidla silni\u010dn\u00edho provozu. Od toho se tak\u00e9 odv\u00edj\u00ed pr\u016fm\u011brn\u00e1 rychlost na trati. Dodr\u017eov\u00e1n\u00ed maxim\u00e1ln\u00ed povolen\u00e9 rychlosti bude v pr\u016fb\u011bhu sout\u011b\u017ee takt\u00e9\u017e kontrolov\u00e1no a p\u0159\u00edpadn\u011b trest\u00e1no.<\/p>\n<p>Na trati bude b\u011bhem z\u00e1vodu rozm\u00edst\u011bno n\u011bkolik bod\u016f, kde bude prob\u00edhat m\u011b\u0159en\u00ed \u010dasu. Kl\u00ed\u010dem k ur\u010den\u00ed po\u0159ad\u00ed po projet\u00ed c\u00edlem zkou\u0161ky je sou\u010det z\u00edskan\u00fdch trestn\u00fdch bod\u016f. Odchylka 1 desetiny sekundy od ide\u00e1ln\u00edho \u010dasu v ka\u017ed\u00e9m m\u011b\u0159en\u00e9m m\u00edst\u011b (c\u00edl testu nemus\u00ed b\u00fdt m\u011b\u0159en\u00fd) znamen\u00e1 penalizaci 1 trestn\u00fd bod. Kdo m\u00e1 v sou\u010dtu na sv\u00e9m kont\u011b bod\u016f nejm\u00e9n\u011b, a to v\u010detn\u011b p\u0159\u00edpadn\u00fdch dal\u0161\u00edch penalizac\u00ed, vyhr\u00e1v\u00e1.<\/p>\n<p>O kone\u010dn\u00e9m po\u0159ad\u00ed AGROTEC Eco Rally Hustope\u010de rozhodne nejen p\u0159esn\u00e9 dodr\u017eov\u00e1n\u00ed rychlostn\u00edho pr\u016fm\u011bru na m\u011b\u0159en\u00fdch zkou\u0161k\u00e1ch pos\u00e1dkou, ale tak\u00e9 jej\u00ed schopnost jet co nej\u00fasporn\u011bji. Po dojezdu do c\u00edle dojde k v\u00fdpo\u010dtu spot\u0159eby dosa\u017een\u00e9 b\u011bhem cel\u00e9 sout\u011b\u017ee, kter\u00e1 bude porovn\u00e1na se spot\u0159ebou vozidla dle WLTP bez nab\u00edjec\u00edch ztr\u00e1t.<\/p>\n<p><strong>Uzav\u0159en\u00e9 parkovi\u0161t\u011b \u2013 Parc ferm\u00e9<\/strong><br \/>Pos\u00e1dky elektromobil\u016f mus\u00ed b\u011bhem sout\u011b\u017ee dodr\u017eovat pravidla uzav\u0159en\u00e9ho parkovi\u0161t\u011b. Vymezen\u00fd prostor je st\u0159e\u017een\u00fd po\u0159adatelem a pos\u00e1dka do n\u011bj mus\u00ed odevzdat sv\u00e9 vozidlo podle programu a \u010dasov\u00e9ho harmonogramu p\u0159ed startem, na konci ka\u017ed\u00e9 etapy nebo v jej\u00edm pr\u016fb\u011bhu. Parc ferm\u00e9 (PF) je ve v\u011bt\u0161in\u011b p\u0159\u00edpad\u016f m\u00edstem, kde prob\u00edh\u00e1 nab\u00edjen\u00ed elektromobil\u016f. Pokud je nab\u00edjen\u00ed p\u0159edeps\u00e1no ve zvl\u00e1\u0161tn\u00edch ustanoven\u00edch, pak mus\u00ed b\u00fdt vozidlo dob\u00edjeno po celou dobu pobytu v uzav\u0159en\u00e9m parkovi\u0161ti a nab\u00edjen\u00ed nesm\u00ed b\u00fdt p\u0159eru\u0161eno. Opravy a jin\u00e9 pr\u00e1ce na aut\u011b, kter\u00e9 nesouvis\u00ed s nab\u00edjen\u00edm, nejsou povoleny.<\/p>\n<p><strong>Nab\u00edjen\u00ed elektromobil\u016f<\/strong><br \/>Pos\u00e1dka mus\u00ed b\u011bhem sout\u011b\u017ee nab\u00edjet sv\u016fj elektromobil pouze na m\u00edstech ur\u010den\u00fdch po\u0159adatelem. V p\u0159\u00edpad\u011b AGROTEC Eco Rally Hustope\u010de se jedn\u00e1 o prostor v are\u00e1lu AGROTEC a.s., Brn\u011bnsk\u00e1 74, Hustope\u010de (N 48\u00b056.861&#8242;, E 16\u00b043.736).<\/p>\n<p>[\/et_pb_text][\/et_pb_column][\/et_pb_row][\/et_pb_section][et_pb_section fb_built=&#8220;1&#8243; prev_background_color=&#8220;#ffffff&#8220; admin_label=&#8220;Case Study Text&#8220; _builder_version=&#8220;4.16&#8243; background_color=&#8220;#008A78&#8243; custom_margin=&#8220;|||&#8220; custom_padding=&#8220;30px||30px|||&#8220; top_divider_style=&#8220;ramp2&#8243; top_divider_flip=&#8220;horizontal&#8220; global_colors_info=&#8220;{}&#8220;][\/et_pb_section]<\/p>","protected":false},"excerpt":{"rendered":"<p>Co je to eco rally? Z\u00c1KLADN\u00cd INFORMACE O ECO RALLY &nbsp; AGROTEC Eco Rally Hustope\u010de je rally pravidelnosti, jeho\u017e principem je dodr\u017eov\u00e1n\u00ed organiz\u00e1torem stanoven\u00e9ho rychlostn\u00edho pr\u016fm\u011bru na trase m\u011b\u0159en\u00fdch test\u016f, tzv. zkou\u0161ek pravidelnosti. Nez\u00e1le\u017e\u00ed tak na tom, kdo dan\u00fdm \u00fasekem projede nejrychleji. Letos se mohou z\u00e1vodu z\u00fa\u010dastnit v\u0161ichni dr\u017eitel\u00e9 \u0159idi\u010dsk\u00e9ho pr\u016fkazu a z\u00e1vodit je mo\u017en\u00e9 [&hellip;]<\/p>","protected":false},"author":5,"featured_media":101,"parent":2734,"menu_order":0,"comment_status":"closed","ping_status":"closed","template":"","meta":{"_et_pb_use_builder":"on","_et_pb_old_content":"","_et_gb_content_width":"","footnotes":""},"yoast_head":"<!-- This site is optimized with the Yoast SEO plugin v21.9.1 - https:\/\/yoast.com\/wordpress\/plugins\/seo\/ -->\n<title>Co je ECO Rally | AGROTEC Petronas Rally<\/title>\n<meta name=\"description\" content=\"Na str\u00e1nce najdete ve\u0161ker\u00e9 informace pro z\u00e1vodn\u00edky na AGROTEC Petronas rally. P\u0159ihl\u00e1\u0161ka do sout\u011b\u017ee, zvl\u00e1\u0161tn\u00ed ustanoven\u00ed, program a dal\u0161\u00ed.\" \/>\n<meta name=\"robots\" content=\"index, follow, max-snippet:-1, max-image-preview:large, max-video-preview:-1\" \/>\n<link rel=\"canonical\" href=\"https:\/\/www.agrotecrally.cz\/en\/eco\/co-je-eco-rally\/\" \/>\n<meta property=\"og:locale\" content=\"en_GB\" \/>\n<meta property=\"og:type\" content=\"article\" \/>\n<meta property=\"og:title\" content=\"Co je ECO Rally | AGROTEC Petronas Rally\" \/>\n<meta property=\"og:description\" content=\"Na str\u00e1nce najdete ve\u0161ker\u00e9 informace pro z\u00e1vodn\u00edky na AGROTEC Petronas rally. P\u0159ihl\u00e1\u0161ka do sout\u011b\u017ee, zvl\u00e1\u0161tn\u00ed ustanoven\u00ed, program a dal\u0161\u00ed.\" \/>\n<meta property=\"og:url\" content=\"https:\/\/www.agrotecrally.cz\/en\/eco\/co-je-eco-rally\/\" \/>\n<meta property=\"og:site_name\" content=\"AGROTEC Petronas Rally\" \/>\n<meta property=\"article:publisher\" content=\"https:\/\/www.facebook.com\/agrotecrally\" \/>\n<meta property=\"article:modified_time\" content=\"2024-07-11T20:51:14+00:00\" \/>\n<meta property=\"og:image\" content=\"https:\/\/www.agrotecrally.cz\/wp-content\/uploads\/2021\/01\/IMGP1771-Edit.jpg\" \/>\n\t<meta property=\"og:image:width\" content=\"2011\" \/>\n\t<meta property=\"og:image:height\" content=\"1342\" \/>\n\t<meta property=\"og:image:type\" content=\"image\/jpeg\" \/>\n<meta name=\"twitter:card\" content=\"summary_large_image\" \/>\n<meta name=\"twitter:label1\" content=\"Estimated reading time\" \/>\n\t<meta name=\"twitter:data1\" content=\"3 minutes\" \/>\n<script type=\"application\/ld+json\" class=\"yoast-schema-graph\">{\"@context\":\"https:\/\/schema.org\",\"@graph\":[{\"@type\":\"WebPage\",\"@id\":\"https:\/\/www.agrotecrally.cz\/eco\/co-je-eco-rally\/\",\"url\":\"https:\/\/www.agrotecrally.cz\/eco\/co-je-eco-rally\/\",\"name\":\"Co je ECO Rally | AGROTEC Petronas Rally\",\"isPartOf\":{\"@id\":\"https:\/\/www.agrotecrally.cz\/#website\"},\"datePublished\":\"2024-07-11T20:27:28+00:00\",\"dateModified\":\"2024-07-11T20:51:14+00:00\",\"description\":\"Na str\u00e1nce najdete ve\u0161ker\u00e9 informace pro z\u00e1vodn\u00edky na AGROTEC Petronas rally. P\u0159ihl\u00e1\u0161ka do sout\u011b\u017ee, zvl\u00e1\u0161tn\u00ed ustanoven\u00ed, program a dal\u0161\u00ed.\",\"breadcrumb\":{\"@id\":\"https:\/\/www.agrotecrally.cz\/eco\/co-je-eco-rally\/#breadcrumb\"},\"inLanguage\":\"en-GB\",\"potentialAction\":[{\"@type\":\"ReadAction\",\"target\":[\"https:\/\/www.agrotecrally.cz\/eco\/co-je-eco-rally\/\"]}]},{\"@type\":\"BreadcrumbList\",\"@id\":\"https:\/\/www.agrotecrally.cz\/eco\/co-je-eco-rally\/#breadcrumb\",\"itemListElement\":[{\"@type\":\"ListItem\",\"position\":1,\"name\":\"Dom\u016f\",\"item\":\"https:\/\/www.agrotecrally.cz\/\"},{\"@type\":\"ListItem\",\"position\":2,\"name\":\"Eco Rally aktuality\",\"item\":\"https:\/\/www.agrotecrally.cz\/eco\/\"},{\"@type\":\"ListItem\",\"position\":3,\"name\":\"Co je ECO Rally\"}]},{\"@type\":\"WebSite\",\"@id\":\"https:\/\/www.agrotecrally.cz\/#website\",\"url\":\"https:\/\/www.agrotecrally.cz\/\",\"name\":\"AGROTEC Petronas rally\",\"description\":\"Rally mezi vinicemi\",\"publisher\":{\"@id\":\"https:\/\/www.agrotecrally.cz\/#organization\"},\"potentialAction\":[{\"@type\":\"SearchAction\",\"target\":{\"@type\":\"EntryPoint\",\"urlTemplate\":\"https:\/\/www.agrotecrally.cz\/?s={search_term_string}\"},\"query-input\":\"required name=search_term_string\"}],\"inLanguage\":\"en-GB\"},{\"@type\":\"Organization\",\"@id\":\"https:\/\/www.agrotecrally.cz\/#organization\",\"name\":\"AGROTEC Petronas rally\",\"url\":\"https:\/\/www.agrotecrally.cz\/\",\"logo\":{\"@type\":\"ImageObject\",\"inLanguage\":\"en-GB\",\"@id\":\"https:\/\/www.agrotecrally.cz\/#\/schema\/logo\/image\/\",\"url\":\"https:\/\/www.agrotecrally.cz\/wp-content\/uploads\/2021\/05\/AGROTEC-RALLY_16-01-web-2.png\",\"contentUrl\":\"https:\/\/www.agrotecrally.cz\/wp-content\/uploads\/2021\/05\/AGROTEC-RALLY_16-01-web-2.png\",\"width\":459,\"height\":222,\"caption\":\"AGROTEC Petronas rally\"},\"image\":{\"@id\":\"https:\/\/www.agrotecrally.cz\/#\/schema\/logo\/image\/\"},\"sameAs\":[\"https:\/\/www.facebook.com\/agrotecrally\"]}]}<\/script>\n<!-- \/ Yoast SEO plugin. -->","yoast_head_json":{"title":"Co je ECO Rally | AGROTEC Petronas Rally","description":"Na str\u00e1nce najdete ve\u0161ker\u00e9 informace pro z\u00e1vodn\u00edky na AGROTEC Petronas rally. P\u0159ihl\u00e1\u0161ka do sout\u011b\u017ee, zvl\u00e1\u0161tn\u00ed ustanoven\u00ed, program a dal\u0161\u00ed.","robots":{"index":"index","follow":"follow","max-snippet":"max-snippet:-1","max-image-preview":"max-image-preview:large","max-video-preview":"max-video-preview:-1"},"canonical":"https:\/\/www.agrotecrally.cz\/en\/eco\/co-je-eco-rally\/","og_locale":"en_GB","og_type":"article","og_title":"Co je ECO Rally | AGROTEC Petronas Rally","og_description":"Na str\u00e1nce najdete ve\u0161ker\u00e9 informace pro z\u00e1vodn\u00edky na AGROTEC Petronas rally. P\u0159ihl\u00e1\u0161ka do sout\u011b\u017ee, zvl\u00e1\u0161tn\u00ed ustanoven\u00ed, program a dal\u0161\u00ed.","og_url":"https:\/\/www.agrotecrally.cz\/en\/eco\/co-je-eco-rally\/","og_site_name":"AGROTEC Petronas Rally","article_publisher":"https:\/\/www.facebook.com\/agrotecrally","article_modified_time":"2024-07-11T20:51:14+00:00","og_image":[{"width":2011,"height":1342,"url":"https:\/\/www.agrotecrally.cz\/wp-content\/uploads\/2021\/01\/IMGP1771-Edit.jpg","type":"image\/jpeg"}],"twitter_card":"summary_large_image","twitter_misc":{"Estimated reading time":"3 minutes"},"schema":{"@context":"https:\/\/schema.org","@graph":[{"@type":"WebPage","@id":"https:\/\/www.agrotecrally.cz\/eco\/co-je-eco-rally\/","url":"https:\/\/www.agrotecrally.cz\/eco\/co-je-eco-rally\/","name":"Co je ECO Rally | AGROTEC Petronas Rally","isPartOf":{"@id":"https:\/\/www.agrotecrally.cz\/#website"},"datePublished":"2024-07-11T20:27:28+00:00","dateModified":"2024-07-11T20:51:14+00:00","description":"Na str\u00e1nce najdete ve\u0161ker\u00e9 informace pro z\u00e1vodn\u00edky na AGROTEC Petronas rally. P\u0159ihl\u00e1\u0161ka do sout\u011b\u017ee, zvl\u00e1\u0161tn\u00ed ustanoven\u00ed, program a dal\u0161\u00ed.","breadcrumb":{"@id":"https:\/\/www.agrotecrally.cz\/eco\/co-je-eco-rally\/#breadcrumb"},"inLanguage":"en-GB","potentialAction":[{"@type":"ReadAction","target":["https:\/\/www.agrotecrally.cz\/eco\/co-je-eco-rally\/"]}]},{"@type":"BreadcrumbList","@id":"https:\/\/www.agrotecrally.cz\/eco\/co-je-eco-rally\/#breadcrumb","itemListElement":[{"@type":"ListItem","position":1,"name":"Dom\u016f","item":"https:\/\/www.agrotecrally.cz\/"},{"@type":"ListItem","position":2,"name":"Eco Rally aktuality","item":"https:\/\/www.agrotecrally.cz\/eco\/"},{"@type":"ListItem","position":3,"name":"Co je ECO Rally"}]},{"@type":"WebSite","@id":"https:\/\/www.agrotecrally.cz\/#website","url":"https:\/\/www.agrotecrally.cz\/","name":"AGROTEC Petronas rally","description":"Rally mezi vinicemi","publisher":{"@id":"https:\/\/www.agrotecrally.cz\/#organization"},"potentialAction":[{"@type":"SearchAction","target":{"@type":"EntryPoint","urlTemplate":"https:\/\/www.agrotecrally.cz\/?s={search_term_string}"},"query-input":"required name=search_term_string"}],"inLanguage":"en-GB"},{"@type":"Organization","@id":"https:\/\/www.agrotecrally.cz\/#organization","name":"AGROTEC Petronas rally","url":"https:\/\/www.agrotecrally.cz\/","logo":{"@type":"ImageObject","inLanguage":"en-GB","@id":"https:\/\/www.agrotecrally.cz\/#\/schema\/logo\/image\/","url":"https:\/\/www.agrotecrally.cz\/wp-content\/uploads\/2021\/05\/AGROTEC-RALLY_16-01-web-2.png","contentUrl":"https:\/\/www.agrotecrally.cz\/wp-content\/uploads\/2021\/05\/AGROTEC-RALLY_16-01-web-2.png","width":459,"height":222,"caption":"AGROTEC Petronas rally"},"image":{"@id":"https:\/\/www.agrotecrally.cz\/#\/schema\/logo\/image\/"},"sameAs":["https:\/\/www.facebook.com\/agrotecrally"]}]}},"_links":{"self":[{"href":"https:\/\/www.agrotecrally.cz\/en\/wp-json\/wp\/v2\/pages\/3489"}],"collection":[{"href":"https:\/\/www.agrotecrally.cz\/en\/wp-json\/wp\/v2\/pages"}],"about":[{"href":"https:\/\/www.agrotecrally.cz\/en\/wp-json\/wp\/v2\/types\/page"}],"author":[{"embeddable":true,"href":"https:\/\/www.agrotecrally.cz\/en\/wp-json\/wp\/v2\/users\/5"}],"replies":[{"embeddable":true,"href":"https:\/\/www.agrotecrally.cz\/en\/wp-json\/wp\/v2\/comments?post=3489"}],"version-history":[{"count":5,"href":"https:\/\/www.agrotecrally.cz\/en\/wp-json\/wp\/v2\/pages\/3489\/revisions"}],"predecessor-version":[{"id":3496,"href":"https:\/\/www.agrotecrally.cz\/en\/wp-json\/wp\/v2\/pages\/3489\/revisions\/3496"}],"up":[{"embeddable":true,"href":"https:\/\/www.agrotecrally.cz\/en\/wp-json\/wp\/v2\/pages\/2734"}],"wp:featuredmedia":[{"embeddable":true,"href":"https:\/\/www.agrotecrally.cz\/en\/wp-json\/wp\/v2\/media\/101"}],"wp:attachment":[{"href":"https:\/\/www.agrotecrally.cz\/en\/wp-json\/wp\/v2\/media?parent=3489"}],"curies":[{"name":"wp","href":"https:\/\/api.w.org\/{rel}","templated":true}]}}