{"id":3933,"date":"2025-06-11T09:24:49","date_gmt":"2025-06-11T08:24:49","guid":{"rendered":"https:\/\/www.agrotecrally.cz\/?post_type=product&#038;p=3933"},"modified":"2026-04-17T04:25:44","modified_gmt":"2026-04-17T03:25:44","slug":"detske-tricko-20-agrotec-petronas-rally-hustopece-2025","status":"publish","type":"product","link":"https:\/\/www.agrotecrally.cz\/en\/product\/detske-tricko-20-agrotec-petronas-rally-hustopece-2025\/","title":{"rendered":"D\u011btsk\u00e9 tri\u010dko 20. AGROTEC PETRONAS Rally Hustope\u010de 2025"},"content":{"rendered":"<p>Univerz\u00e1ln\u00ed d\u011btsk\u00e9 triko s potiskem vizu\u00e1lu jubilejn\u00edho 20. ro\u010dn\u00edku AGROTEC PETRONAS Rally Hustope\u010de 2025.<br \/>\nSlo\u017een\u00ed: 100 % bavlna<\/p>\n<p>Velikosti:<br \/>\n4 roky<br \/>\n6 let<br \/>\n8 let<br \/>\n10 let<br \/>\n12 let<\/p>","protected":false},"excerpt":{"rendered":"<p>Univerz\u00e1ln\u00ed d\u011btsk\u00e9 triko s potiskem vizu\u00e1lu jubilejn\u00edho 20. ro\u010dn\u00edku AGROTEC PETRONAS Rally Hustope\u010de 2025.<br \/>\nSlo\u017een\u00ed: 100 % bavlna<\/p>\n<p>Velikosti:<br \/>\n4 roky<br \/>\n6 let<br \/>\n8 let<br \/>\n10 let<br \/>\n12 let<\/p>","protected":false},"featured_media":3885,"comment_status":"open","ping_status":"closed","template":"","meta":{"_et_pb_use_builder":"","_et_pb_old_content":"","_et_gb_content_width":""},"yoast_head":"<!-- This site is optimized with the Yoast SEO plugin v21.9.1 - https:\/\/yoast.com\/wordpress\/plugins\/seo\/ -->\n<title>D\u011btsk\u00e9 tri\u010dko 20. AGROTEC PETRONAS Rally Hustope\u010de 2025 | AGROTEC Petronas Rally<\/title>\n<meta name=\"robots\" content=\"index, follow, max-snippet:-1, max-image-preview:large, max-video-preview:-1\" \/>\n<link rel=\"canonical\" href=\"https:\/\/www.agrotecrally.cz\/en\/product\/detske-tricko-20-agrotec-petronas-rally-hustopece-2025\/\" \/>\n<meta property=\"og:locale\" content=\"en_GB\" \/>\n<meta property=\"og:type\" content=\"article\" \/>\n<meta property=\"og:title\" content=\"D\u011btsk\u00e9 tri\u010dko 20. AGROTEC PETRONAS Rally Hustope\u010de 2025 | AGROTEC Petronas Rally\" \/>\n<meta property=\"og:description\" content=\"Univerz\u00e1ln\u00ed d\u011btsk\u00e9 triko s potiskem vizu\u00e1lu jubilejn\u00edho 20. ro\u010dn\u00edku AGROTEC PETRONAS Rally Hustope\u010de 2025. Slo\u017een\u00ed: 100 % bavlna  Velikosti: 4 roky 6 let 8 let 10 let 12 let\" \/>\n<meta property=\"og:url\" content=\"https:\/\/www.agrotecrally.cz\/en\/product\/detske-tricko-20-agrotec-petronas-rally-hustopece-2025\/\" \/>\n<meta property=\"og:site_name\" content=\"AGROTEC Petronas Rally\" \/>\n<meta property=\"article:publisher\" content=\"https:\/\/www.facebook.com\/agrotecrally\" \/>\n<meta property=\"article:modified_time\" content=\"2026-04-17T03:25:44+00:00\" \/>\n<meta property=\"og:image\" content=\"https:\/\/www.agrotecrally.cz\/wp-content\/uploads\/2025\/06\/detske_triko_merch_20.rally_.jpg\" \/>\n\t<meta property=\"og:image:width\" content=\"480\" \/>\n\t<meta property=\"og:image:height\" content=\"720\" \/>\n\t<meta property=\"og:image:type\" content=\"image\/jpeg\" \/>\n<meta name=\"twitter:card\" content=\"summary_large_image\" \/>\n<meta name=\"twitter:label1\" content=\"Estimated reading time\" \/>\n\t<meta name=\"twitter:data1\" content=\"1 minute\" \/>\n<script type=\"application\/ld+json\" class=\"yoast-schema-graph\">{\"@context\":\"https:\/\/schema.org\",\"@graph\":[{\"@type\":\"WebPage\",\"@id\":\"https:\/\/www.agrotecrally.cz\/produkt\/detske-tricko-20-agrotec-petronas-rally-hustopece-2025\/\",\"url\":\"https:\/\/www.agrotecrally.cz\/produkt\/detske-tricko-20-agrotec-petronas-rally-hustopece-2025\/\",\"name\":\"D\u011btsk\u00e9 tri\u010dko 20. AGROTEC PETRONAS Rally Hustope\u010de 2025 | AGROTEC Petronas Rally\",\"isPartOf\":{\"@id\":\"https:\/\/www.agrotecrally.cz\/#website\"},\"datePublished\":\"2025-06-11T08:24:49+00:00\",\"dateModified\":\"2026-04-17T03:25:44+00:00\",\"breadcrumb\":{\"@id\":\"https:\/\/www.agrotecrally.cz\/produkt\/detske-tricko-20-agrotec-petronas-rally-hustopece-2025\/#breadcrumb\"},\"inLanguage\":\"en-GB\",\"potentialAction\":[{\"@type\":\"ReadAction\",\"target\":[\"https:\/\/www.agrotecrally.cz\/produkt\/detske-tricko-20-agrotec-petronas-rally-hustopece-2025\/\"]}]},{\"@type\":\"BreadcrumbList\",\"@id\":\"https:\/\/www.agrotecrally.cz\/produkt\/detske-tricko-20-agrotec-petronas-rally-hustopece-2025\/#breadcrumb\",\"itemListElement\":[{\"@type\":\"ListItem\",\"position\":1,\"name\":\"Dom\u016f\",\"item\":\"https:\/\/www.agrotecrally.cz\/\"},{\"@type\":\"ListItem\",\"position\":2,\"name\":\"Obchod\",\"item\":\"https:\/\/www.agrotecrally.cz\/obchod\/\"},{\"@type\":\"ListItem\",\"position\":3,\"name\":\"D\u011btsk\u00e9 tri\u010dko 20. AGROTEC PETRONAS Rally Hustope\u010de 2025\"}]},{\"@type\":\"WebSite\",\"@id\":\"https:\/\/www.agrotecrally.cz\/#website\",\"url\":\"https:\/\/www.agrotecrally.cz\/\",\"name\":\"AGROTEC Petronas rally\",\"description\":\"Rally mezi vinicemi\",\"publisher\":{\"@id\":\"https:\/\/www.agrotecrally.cz\/#organization\"},\"potentialAction\":[{\"@type\":\"SearchAction\",\"target\":{\"@type\":\"EntryPoint\",\"urlTemplate\":\"https:\/\/www.agrotecrally.cz\/?s={search_term_string}\"},\"query-input\":\"required name=search_term_string\"}],\"inLanguage\":\"en-GB\"},{\"@type\":\"Organization\",\"@id\":\"https:\/\/www.agrotecrally.cz\/#organization\",\"name\":\"AGROTEC Petronas rally\",\"url\":\"https:\/\/www.agrotecrally.cz\/\",\"logo\":{\"@type\":\"ImageObject\",\"inLanguage\":\"en-GB\",\"@id\":\"https:\/\/www.agrotecrally.cz\/#\/schema\/logo\/image\/\",\"url\":\"https:\/\/www.agrotecrally.cz\/wp-content\/uploads\/2021\/05\/AGROTEC-RALLY_16-01-web-2.png\",\"contentUrl\":\"https:\/\/www.agrotecrally.cz\/wp-content\/uploads\/2021\/05\/AGROTEC-RALLY_16-01-web-2.png\",\"width\":459,\"height\":222,\"caption\":\"AGROTEC Petronas rally\"},\"image\":{\"@id\":\"https:\/\/www.agrotecrally.cz\/#\/schema\/logo\/image\/\"},\"sameAs\":[\"https:\/\/www.facebook.com\/agrotecrally\"]}]}<\/script>\n<!-- \/ Yoast SEO plugin. -->","yoast_head_json":{"title":"D\u011btsk\u00e9 tri\u010dko 20. AGROTEC PETRONAS Rally Hustope\u010de 2025 | AGROTEC Petronas Rally","robots":{"index":"index","follow":"follow","max-snippet":"max-snippet:-1","max-image-preview":"max-image-preview:large","max-video-preview":"max-video-preview:-1"},"canonical":"https:\/\/www.agrotecrally.cz\/en\/product\/detske-tricko-20-agrotec-petronas-rally-hustopece-2025\/","og_locale":"en_GB","og_type":"article","og_title":"D\u011btsk\u00e9 tri\u010dko 20. AGROTEC PETRONAS Rally Hustope\u010de 2025 | AGROTEC Petronas Rally","og_description":"Univerz\u00e1ln\u00ed d\u011btsk\u00e9 triko s potiskem vizu\u00e1lu jubilejn\u00edho 20. ro\u010dn\u00edku AGROTEC PETRONAS Rally Hustope\u010de 2025. Slo\u017een\u00ed: 100 % bavlna  Velikosti: 4 roky 6 let 8 let 10 let 12 let","og_url":"https:\/\/www.agrotecrally.cz\/en\/product\/detske-tricko-20-agrotec-petronas-rally-hustopece-2025\/","og_site_name":"AGROTEC Petronas Rally","article_publisher":"https:\/\/www.facebook.com\/agrotecrally","article_modified_time":"2026-04-17T03:25:44+00:00","og_image":[{"width":480,"height":720,"url":"https:\/\/www.agrotecrally.cz\/wp-content\/uploads\/2025\/06\/detske_triko_merch_20.rally_.jpg","type":"image\/jpeg"}],"twitter_card":"summary_large_image","twitter_misc":{"Estimated reading time":"1 minute"},"schema":{"@context":"https:\/\/schema.org","@graph":[{"@type":"WebPage","@id":"https:\/\/www.agrotecrally.cz\/produkt\/detske-tricko-20-agrotec-petronas-rally-hustopece-2025\/","url":"https:\/\/www.agrotecrally.cz\/produkt\/detske-tricko-20-agrotec-petronas-rally-hustopece-2025\/","name":"D\u011btsk\u00e9 tri\u010dko 20. AGROTEC PETRONAS Rally Hustope\u010de 2025 | AGROTEC Petronas Rally","isPartOf":{"@id":"https:\/\/www.agrotecrally.cz\/#website"},"datePublished":"2025-06-11T08:24:49+00:00","dateModified":"2026-04-17T03:25:44+00:00","breadcrumb":{"@id":"https:\/\/www.agrotecrally.cz\/produkt\/detske-tricko-20-agrotec-petronas-rally-hustopece-2025\/#breadcrumb"},"inLanguage":"en-GB","potentialAction":[{"@type":"ReadAction","target":["https:\/\/www.agrotecrally.cz\/produkt\/detske-tricko-20-agrotec-petronas-rally-hustopece-2025\/"]}]},{"@type":"BreadcrumbList","@id":"https:\/\/www.agrotecrally.cz\/produkt\/detske-tricko-20-agrotec-petronas-rally-hustopece-2025\/#breadcrumb","itemListElement":[{"@type":"ListItem","position":1,"name":"Dom\u016f","item":"https:\/\/www.agrotecrally.cz\/"},{"@type":"ListItem","position":2,"name":"Obchod","item":"https:\/\/www.agrotecrally.cz\/obchod\/"},{"@type":"ListItem","position":3,"name":"D\u011btsk\u00e9 tri\u010dko 20. AGROTEC PETRONAS Rally Hustope\u010de 2025"}]},{"@type":"WebSite","@id":"https:\/\/www.agrotecrally.cz\/#website","url":"https:\/\/www.agrotecrally.cz\/","name":"AGROTEC Petronas rally","description":"Rally mezi vinicemi","publisher":{"@id":"https:\/\/www.agrotecrally.cz\/#organization"},"potentialAction":[{"@type":"SearchAction","target":{"@type":"EntryPoint","urlTemplate":"https:\/\/www.agrotecrally.cz\/?s={search_term_string}"},"query-input":"required name=search_term_string"}],"inLanguage":"en-GB"},{"@type":"Organization","@id":"https:\/\/www.agrotecrally.cz\/#organization","name":"AGROTEC Petronas rally","url":"https:\/\/www.agrotecrally.cz\/","logo":{"@type":"ImageObject","inLanguage":"en-GB","@id":"https:\/\/www.agrotecrally.cz\/#\/schema\/logo\/image\/","url":"https:\/\/www.agrotecrally.cz\/wp-content\/uploads\/2021\/05\/AGROTEC-RALLY_16-01-web-2.png","contentUrl":"https:\/\/www.agrotecrally.cz\/wp-content\/uploads\/2021\/05\/AGROTEC-RALLY_16-01-web-2.png","width":459,"height":222,"caption":"AGROTEC Petronas rally"},"image":{"@id":"https:\/\/www.agrotecrally.cz\/#\/schema\/logo\/image\/"},"sameAs":["https:\/\/www.facebook.com\/agrotecrally"]}]}},"_links":{"self":[{"href":"https:\/\/www.agrotecrally.cz\/en\/wp-json\/wp\/v2\/product\/3933"}],"collection":[{"href":"https:\/\/www.agrotecrally.cz\/en\/wp-json\/wp\/v2\/product"}],"about":[{"href":"https:\/\/www.agrotecrally.cz\/en\/wp-json\/wp\/v2\/types\/product"}],"replies":[{"embeddable":true,"href":"https:\/\/www.agrotecrally.cz\/en\/wp-json\/wp\/v2\/comments?post=3933"}],"wp:featuredmedia":[{"embeddable":true,"href":"https:\/\/www.agrotecrally.cz\/en\/wp-json\/wp\/v2\/media\/3885"}],"wp:attachment":[{"href":"https:\/\/www.agrotecrally.cz\/en\/wp-json\/wp\/v2\/media?parent=3933"}],"curies":[{"name":"wp","href":"https:\/\/api.w.org\/{rel}","templated":true}]}}